{"id":9,"date":"2022-06-16T13:42:14","date_gmt":"2022-06-16T11:42:14","guid":{"rendered":"http:\/\/xxotvva.cluster030.hosting.ovh.net\/?page_id=9"},"modified":"2023-10-14T17:38:19","modified_gmt":"2023-10-14T15:38:19","slug":"contact","status":"publish","type":"page","link":"https:\/\/exprofesso-conseil.com\/index.php\/contact\/","title":{"rendered":"Contact"},"content":{"rendered":"\t\t<div data-elementor-type=\"wp-page\" data-elementor-id=\"9\" class=\"elementor elementor-9\">\n\t\t\t\t\t\t<section class=\"elementor-section elementor-top-section elementor-element elementor-element-e2732f7 elementor-section-boxed elementor-section-height-default elementor-section-height-default\" data-id=\"e2732f7\" data-element_type=\"section\" data-e-type=\"section\" data-settings=\"{&quot;background_background&quot;:&quot;classic&quot;}\">\n\t\t\t\t\t\t<div class=\"elementor-container elementor-column-gap-default\">\n\t\t\t\t\t<div class=\"elementor-column elementor-col-100 elementor-top-column elementor-element elementor-element-aef6979\" data-id=\"aef6979\" data-element_type=\"column\" data-e-type=\"column\">\n\t\t\t<div class=\"elementor-widget-wrap elementor-element-populated\">\n\t\t\t\t\t\t<div class=\"elementor-element elementor-element-94e3312 elementor-view-default elementor-invisible elementor-widget elementor-widget-icon\" data-id=\"94e3312\" data-element_type=\"widget\" data-e-type=\"widget\" data-settings=\"{&quot;_animation&quot;:&quot;fadeIn&quot;}\" data-widget_type=\"icon.default\">\n\t\t\t\t<div class=\"elementor-widget-container\">\n\t\t\t\t\t\t\t<div class=\"elementor-icon-wrapper\">\n\t\t\t<div class=\"elementor-icon\">\n\t\t\t<i aria-hidden=\"true\" class=\"far fa-lightbulb\"><\/i>\t\t\t<\/div>\n\t\t<\/div>\n\t\t\t\t\t\t<\/div>\n\t\t\t\t<\/div>\n\t\t\t\t<div class=\"elementor-element elementor-element-82ead0e elementor-invisible elementor-widget elementor-widget-heading\" data-id=\"82ead0e\" data-element_type=\"widget\" data-e-type=\"widget\" data-settings=\"{&quot;_animation&quot;:&quot;fadeInRight&quot;}\" data-widget_type=\"heading.default\">\n\t\t\t\t<div class=\"elementor-widget-container\">\n\t\t\t\t\t<h2 class=\"elementor-heading-title elementor-size-default\">ExProfesso est \u00e0 votre service<\/h2>\t\t\t\t<\/div>\n\t\t\t\t<\/div>\n\t\t\t\t\t<\/div>\n\t\t<\/div>\n\t\t\t\t\t<\/div>\n\t\t<\/section>\n\t\t\t\t<section class=\"elementor-section elementor-top-section elementor-element elementor-element-9876e7f elementor-section-full_width elementor-section-height-default elementor-section-height-default\" data-id=\"9876e7f\" data-element_type=\"section\" data-e-type=\"section\">\n\t\t\t\t\t\t<div class=\"elementor-container elementor-column-gap-default\">\n\t\t\t\t\t<div class=\"elementor-column elementor-col-100 elementor-top-column elementor-element elementor-element-cc1d64c\" data-id=\"cc1d64c\" data-element_type=\"column\" data-e-type=\"column\" data-settings=\"{&quot;background_background&quot;:&quot;classic&quot;}\">\n\t\t\t<div class=\"elementor-widget-wrap elementor-element-populated\">\n\t\t\t\t\t\t<section class=\"elementor-section elementor-inner-section elementor-element elementor-element-add0505 elementor-section-full_width elementor-section-height-default elementor-section-height-default\" data-id=\"add0505\" data-element_type=\"section\" data-e-type=\"section\" data-settings=\"{&quot;background_background&quot;:&quot;classic&quot;}\">\n\t\t\t\t\t\t<div class=\"elementor-container elementor-column-gap-extended\">\n\t\t\t\t\t<div class=\"elementor-column elementor-col-50 elementor-inner-column elementor-element elementor-element-3b122fb\" data-id=\"3b122fb\" data-element_type=\"column\" data-e-type=\"column\">\n\t\t\t<div class=\"elementor-widget-wrap elementor-element-populated\">\n\t\t\t\t\t\t<div class=\"elementor-element elementor-element-41e9b33 elementor-widget elementor-widget-heading\" data-id=\"41e9b33\" data-element_type=\"widget\" data-e-type=\"widget\" data-widget_type=\"heading.default\">\n\t\t\t\t<div class=\"elementor-widget-container\">\n\t\t\t\t\t<h2 class=\"elementor-heading-title elementor-size-default\">Laissez nous un message<\/h2>\t\t\t\t<\/div>\n\t\t\t\t<\/div>\n\t\t\t\t<div class=\"elementor-element elementor-element-d277b54 elementor-widget elementor-widget-text-editor\" data-id=\"d277b54\" data-element_type=\"widget\" data-e-type=\"widget\" data-widget_type=\"text-editor.default\">\n\t\t\t\t<div class=\"elementor-widget-container\">\n\t\t\t\t\t\t\t\t\t<p>D\u00e9crivez nous votre demande,\u00a0<span style=\"color: var( --e-global-color-text ); font-family: var( --e-global-typography-text-font-family ), Sans-serif; font-weight: var( --e-global-typography-text-font-weight ); font-size: 1rem;\">nous reviendrons vers vous au plus vite\u00a0<\/span><\/p>\t\t\t\t\t\t\t\t<\/div>\n\t\t\t\t<\/div>\n\t\t\t\t<div class=\"elementor-element elementor-element-1337871 elementor-widget elementor-widget-wpforms\" data-id=\"1337871\" data-element_type=\"widget\" data-e-type=\"widget\" data-widget_type=\"wpforms.default\">\n\t\t\t\t<div class=\"elementor-widget-container\">\n\t\t\t\t\t<div class=\"wpforms-container wpforms-container-full\" id=\"wpforms-543\"><form id=\"wpforms-form-543\" class=\"wpforms-validate wpforms-form wpforms-ajax-form\" data-formid=\"543\" method=\"post\" enctype=\"multipart\/form-data\" action=\"\/index.php\/wp-json\/wp\/v2\/pages\/9\" data-token=\"9fc024fe1ecce423541ce4b105cfaf64\" data-token-time=\"1776313662\"><noscript class=\"wpforms-error-noscript\">Veuillez activer JavaScript dans votre navigateur pour remplir ce formulaire.<\/noscript><div class=\"wpforms-field-container\"><div id=\"wpforms-543-field_7-container\" class=\"wpforms-field wpforms-field-name wpforms-one-half wpforms-first\" data-field-id=\"7\"><label class=\"wpforms-field-label\" for=\"wpforms-543-field_7\">Soci\u00e9t\u00e9 <span class=\"wpforms-required-label\">*<\/span><\/label><input type=\"text\" id=\"wpforms-543-field_7\" class=\"wpforms-field-medium wpforms-field-required\" name=\"wpforms[fields][7]\" required><\/div><div id=\"wpforms-543-field_0-container\" class=\"wpforms-field wpforms-field-name wpforms-one-half wpforms-first\" data-field-id=\"0\"><label class=\"wpforms-field-label\" for=\"wpforms-543-field_0\">Nom <span class=\"wpforms-required-label\">*<\/span><\/label><input type=\"text\" id=\"wpforms-543-field_0\" class=\"wpforms-field-medium wpforms-field-required\" name=\"wpforms[fields][0]\" required><\/div><div id=\"wpforms-543-field_5-container\" class=\"wpforms-field wpforms-field-name wpforms-one-half\" data-field-id=\"5\"><label class=\"wpforms-field-label\" for=\"wpforms-543-field_5\">Pr\u00e9nom <span class=\"wpforms-required-label\">*<\/span><\/label><input type=\"text\" id=\"wpforms-543-field_5\" class=\"wpforms-field-medium wpforms-field-required\" name=\"wpforms[fields][5]\" required><\/div><div id=\"wpforms-543-field_4-container\" class=\"wpforms-field wpforms-field-number wpforms-one-half wpforms-first\" data-field-id=\"4\"><label class=\"wpforms-field-label\" for=\"wpforms-543-field_4\">T\u00e9l\u00e9phone<\/label><input type=\"number\" id=\"wpforms-543-field_4\" class=\"wpforms-field-medium\" name=\"wpforms[fields][4]\" step=\"any\" ><\/div><div id=\"wpforms-543-field_1-container\" class=\"wpforms-field wpforms-field-email wpforms-one-half\" data-field-id=\"1\"><label class=\"wpforms-field-label\" for=\"wpforms-543-field_1\">Email <span class=\"wpforms-required-label\">*<\/span><\/label><input type=\"email\" id=\"wpforms-543-field_1\" class=\"wpforms-field-medium wpforms-field-required\" name=\"wpforms[fields][1]\" spellcheck=\"false\" required><\/div><div id=\"wpforms-543-field_6-container\" class=\"wpforms-field wpforms-field-name\" data-field-id=\"6\"><label class=\"wpforms-field-label\" for=\"wpforms-543-field_6\">Sujet <span class=\"wpforms-required-label\">*<\/span><\/label><input type=\"text\" id=\"wpforms-543-field_6\" class=\"wpforms-field-large wpforms-field-required\" name=\"wpforms[fields][6]\" required><\/div><div id=\"wpforms-543-field_2-container\" class=\"wpforms-field wpforms-field-textarea\" data-field-id=\"2\"><label class=\"wpforms-field-label\" for=\"wpforms-543-field_2\">Demande <span class=\"wpforms-required-label\">*<\/span><\/label><textarea id=\"wpforms-543-field_2\" class=\"wpforms-field-medium wpforms-field-required\" name=\"wpforms[fields][2]\" required><\/textarea><\/div><\/div><!-- .wpforms-field-container --><div class=\"wpforms-submit-container\" ><input type=\"hidden\" name=\"wpforms[id]\" value=\"543\"><input type=\"hidden\" name=\"page_title\" value=\"\"><input type=\"hidden\" name=\"page_url\" value=\"https:\/\/exprofesso-conseil.com\/index.php\/wp-json\/wp\/v2\/pages\/9\"><input type=\"hidden\" name=\"url_referer\" value=\"\"><button type=\"submit\" name=\"wpforms[submit]\" id=\"wpforms-submit-543\" class=\"wpforms-submit\" data-alt-text=\"Envoi..\" data-submit-text=\"Envoyer\" aria-live=\"assertive\" value=\"wpforms-submit\">Envoyer<\/button><img decoding=\"async\" src=\"https:\/\/exprofesso-conseil.com\/wp-content\/plugins\/wpforms-lite\/assets\/images\/submit-spin.svg\" class=\"wpforms-submit-spinner\" style=\"display: none;\" width=\"26\" height=\"26\" alt=\"Chargement en cours\"><\/div><\/form><\/div>  <!-- .wpforms-container -->\t\t\t\t<\/div>\n\t\t\t\t<\/div>\n\t\t\t\t<div class=\"elementor-element elementor-element-77a522d elementor-widget__width-initial elementor-widget elementor-widget-text-editor\" data-id=\"77a522d\" data-element_type=\"widget\" data-e-type=\"widget\" data-widget_type=\"text-editor.default\">\n\t\t\t\t<div class=\"elementor-widget-container\">\n\t\t\t\t\t\t\t\t\t<div><strong><i>Merci de bien vouloir renseigner les champs marqu\u00e9s d&#8217;une \u00e9toile.<\/i><\/strong><\/div><p>Conform\u00e9ment \u00e0 la loi \u00ab informatique et libert\u00e9s \u00bb du 6 janvier 1978 modifi\u00e9e en 2004, vous b\u00e9n\u00e9ficiez d&#8217;un droit d&#8217;acc\u00e8s et de rectification aux informations vous concernant.<\/p>\t\t\t\t\t\t\t\t<\/div>\n\t\t\t\t<\/div>\n\t\t\t\t\t<\/div>\n\t\t<\/div>\n\t\t\t\t<div class=\"elementor-column elementor-col-50 elementor-inner-column elementor-element elementor-element-c5022aa\" data-id=\"c5022aa\" data-element_type=\"column\" data-e-type=\"column\">\n\t\t\t<div class=\"elementor-widget-wrap elementor-element-populated\">\n\t\t\t\t\t\t<div class=\"elementor-element elementor-element-03cc387 elementor-widget elementor-widget-heading\" data-id=\"03cc387\" data-element_type=\"widget\" data-e-type=\"widget\" data-widget_type=\"heading.default\">\n\t\t\t\t<div class=\"elementor-widget-container\">\n\t\t\t\t\t<h2 class=\"elementor-heading-title elementor-size-default\">Contactez-nous<\/h2>\t\t\t\t<\/div>\n\t\t\t\t<\/div>\n\t\t\t\t<div class=\"elementor-element elementor-element-47ed19a elementor-align-start elementor-icon-list--layout-traditional elementor-list-item-link-full_width elementor-invisible elementor-widget elementor-widget-icon-list\" data-id=\"47ed19a\" data-element_type=\"widget\" data-e-type=\"widget\" data-settings=\"{&quot;_animation&quot;:&quot;fadeInDown&quot;}\" data-widget_type=\"icon-list.default\">\n\t\t\t\t<div class=\"elementor-widget-container\">\n\t\t\t\t\t\t\t<ul class=\"elementor-icon-list-items\">\n\t\t\t\t\t\t\t<li class=\"elementor-icon-list-item\">\n\t\t\t\t\t\t\t\t\t\t\t<span class=\"elementor-icon-list-icon\">\n\t\t\t\t\t\t\t<i aria-hidden=\"true\" class=\"fas fa-envelope\"><\/i>\t\t\t\t\t\t<\/span>\n\t\t\t\t\t\t\t\t\t\t<span class=\"elementor-icon-list-text\">je.benlahmar@exprofesso-conseil.com<\/span>\n\t\t\t\t\t\t\t\t\t<\/li>\n\t\t\t\t\t\t\t\t<li class=\"elementor-icon-list-item\">\n\t\t\t\t\t\t\t\t\t\t\t<span class=\"elementor-icon-list-icon\">\n\t\t\t\t\t\t\t<i aria-hidden=\"true\" class=\"fas fa-phone-alt\"><\/i>\t\t\t\t\t\t<\/span>\n\t\t\t\t\t\t\t\t\t\t<span class=\"elementor-icon-list-text\">+33 6 58 85 01 00<\/span>\n\t\t\t\t\t\t\t\t\t<\/li>\n\t\t\t\t\t\t\t\t<li class=\"elementor-icon-list-item\">\n\t\t\t\t\t\t\t\t\t\t\t<span class=\"elementor-icon-list-icon\">\n\t\t\t\t\t\t\t<i aria-hidden=\"true\" class=\"fas fa-phone-alt\"><\/i>\t\t\t\t\t\t<\/span>\n\t\t\t\t\t\t\t\t\t\t<span class=\"elementor-icon-list-text\">+33 6 03 57 23 80<\/span>\n\t\t\t\t\t\t\t\t\t<\/li>\n\t\t\t\t\t\t<\/ul>\n\t\t\t\t\t\t<\/div>\n\t\t\t\t<\/div>\n\t\t\t\t\t<\/div>\n\t\t<\/div>\n\t\t\t\t\t<\/div>\n\t\t<\/section>\n\t\t\t\t\t<\/div>\n\t\t<\/div>\n\t\t\t\t\t<\/div>\n\t\t<\/section>\n\t\t\t\t<\/div>\n\t\t","protected":false},"excerpt":{"rendered":"<p>ExProfesso est \u00e0 votre service Laissez nous un message D\u00e9crivez nous votre demande,\u00a0nous reviendrons vers vous au plus vite\u00a0 Veuillez activer JavaScript dans votre navigateur pour remplir ce formulaire.Soci\u00e9t\u00e9 *Nom *Pr\u00e9nom *T\u00e9l\u00e9phoneEmail *Sujet *Demande * Envoyer Merci de bien vouloir renseigner les champs marqu\u00e9s d&#8217;une \u00e9toile. Conform\u00e9ment \u00e0 la loi \u00ab informatique et libert\u00e9s \u00bb [&hellip;]<\/p>\n","protected":false},"author":1,"featured_media":0,"parent":0,"menu_order":0,"comment_status":"closed","ping_status":"closed","template":"elementor_header_footer","meta":{"footnotes":""},"class_list":["post-9","page","type-page","status-publish","hentry"],"yoast_head":"<!-- This site is optimized with the Yoast SEO plugin v27.4 - https:\/\/yoast.com\/product\/yoast-seo-wordpress\/ -->\n<title>Contact - ExProfesso<\/title>\n<meta name=\"robots\" content=\"index, follow, max-snippet:-1, max-image-preview:large, max-video-preview:-1\" \/>\n<link rel=\"canonical\" href=\"https:\/\/exprofesso-conseil.com\/index.php\/contact\/\" \/>\n<meta property=\"og:locale\" content=\"fr_FR\" \/>\n<meta property=\"og:type\" content=\"article\" \/>\n<meta property=\"og:title\" content=\"Contact - ExProfesso\" \/>\n<meta property=\"og:description\" content=\"ExProfesso est \u00e0 votre service Laissez nous un message D\u00e9crivez nous votre demande,\u00a0nous reviendrons vers vous au plus vite\u00a0 Veuillez activer JavaScript dans votre navigateur pour remplir ce formulaire.Soci\u00e9t\u00e9 *Nom *Pr\u00e9nom *T\u00e9l\u00e9phoneEmail *Sujet *Demande * Envoyer Merci de bien vouloir renseigner les champs marqu\u00e9s d&#8217;une \u00e9toile. Conform\u00e9ment \u00e0 la loi \u00ab informatique et libert\u00e9s \u00bb [&hellip;]\" \/>\n<meta property=\"og:url\" content=\"https:\/\/exprofesso-conseil.com\/index.php\/contact\/\" \/>\n<meta property=\"og:site_name\" content=\"ExProfesso\" \/>\n<meta property=\"article:modified_time\" content=\"2023-10-14T15:38:19+00:00\" \/>\n<meta property=\"og:image\" content=\"https:\/\/exprofesso-conseil.com\/wp-content\/plugins\/wpforms-lite\/assets\/images\/submit-spin.svg\" \/>\n<meta name=\"twitter:card\" content=\"summary_large_image\" \/>\n<meta name=\"twitter:label1\" content=\"Dur\u00e9e de lecture estim\u00e9e\" \/>\n\t<meta name=\"twitter:data1\" content=\"1 minute\" \/>\n<script type=\"application\/ld+json\" class=\"yoast-schema-graph\">{\"@context\":\"https:\\\/\\\/schema.org\",\"@graph\":[{\"@type\":\"WebPage\",\"@id\":\"https:\\\/\\\/exprofesso-conseil.com\\\/index.php\\\/contact\\\/\",\"url\":\"https:\\\/\\\/exprofesso-conseil.com\\\/index.php\\\/contact\\\/\",\"name\":\"Contact - ExProfesso\",\"isPartOf\":{\"@id\":\"https:\\\/\\\/exprofesso-conseil.com\\\/#website\"},\"primaryImageOfPage\":{\"@id\":\"https:\\\/\\\/exprofesso-conseil.com\\\/index.php\\\/contact\\\/#primaryimage\"},\"image\":{\"@id\":\"https:\\\/\\\/exprofesso-conseil.com\\\/index.php\\\/contact\\\/#primaryimage\"},\"thumbnailUrl\":\"https:\\\/\\\/exprofesso-conseil.com\\\/wp-content\\\/plugins\\\/wpforms-lite\\\/assets\\\/images\\\/submit-spin.svg\",\"datePublished\":\"2022-06-16T11:42:14+00:00\",\"dateModified\":\"2023-10-14T15:38:19+00:00\",\"breadcrumb\":{\"@id\":\"https:\\\/\\\/exprofesso-conseil.com\\\/index.php\\\/contact\\\/#breadcrumb\"},\"inLanguage\":\"fr-FR\",\"potentialAction\":[{\"@type\":\"ReadAction\",\"target\":[\"https:\\\/\\\/exprofesso-conseil.com\\\/index.php\\\/contact\\\/\"]}]},{\"@type\":\"ImageObject\",\"inLanguage\":\"fr-FR\",\"@id\":\"https:\\\/\\\/exprofesso-conseil.com\\\/index.php\\\/contact\\\/#primaryimage\",\"url\":\"https:\\\/\\\/exprofesso-conseil.com\\\/wp-content\\\/plugins\\\/wpforms-lite\\\/assets\\\/images\\\/submit-spin.svg\",\"contentUrl\":\"https:\\\/\\\/exprofesso-conseil.com\\\/wp-content\\\/plugins\\\/wpforms-lite\\\/assets\\\/images\\\/submit-spin.svg\"},{\"@type\":\"BreadcrumbList\",\"@id\":\"https:\\\/\\\/exprofesso-conseil.com\\\/index.php\\\/contact\\\/#breadcrumb\",\"itemListElement\":[{\"@type\":\"ListItem\",\"position\":1,\"name\":\"Accueil\",\"item\":\"https:\\\/\\\/exprofesso-conseil.com\\\/\"},{\"@type\":\"ListItem\",\"position\":2,\"name\":\"Contact\"}]},{\"@type\":\"WebSite\",\"@id\":\"https:\\\/\\\/exprofesso-conseil.com\\\/#website\",\"url\":\"https:\\\/\\\/exprofesso-conseil.com\\\/\",\"name\":\"ExProfesso\",\"description\":\"Accompagnement &amp; Formation\",\"publisher\":{\"@id\":\"https:\\\/\\\/exprofesso-conseil.com\\\/#organization\"},\"potentialAction\":[{\"@type\":\"SearchAction\",\"target\":{\"@type\":\"EntryPoint\",\"urlTemplate\":\"https:\\\/\\\/exprofesso-conseil.com\\\/?s={search_term_string}\"},\"query-input\":{\"@type\":\"PropertyValueSpecification\",\"valueRequired\":true,\"valueName\":\"search_term_string\"}}],\"inLanguage\":\"fr-FR\"},{\"@type\":\"Organization\",\"@id\":\"https:\\\/\\\/exprofesso-conseil.com\\\/#organization\",\"name\":\"ExProfesso\",\"url\":\"https:\\\/\\\/exprofesso-conseil.com\\\/\",\"logo\":{\"@type\":\"ImageObject\",\"inLanguage\":\"fr-FR\",\"@id\":\"https:\\\/\\\/exprofesso-conseil.com\\\/#\\\/schema\\\/logo\\\/image\\\/\",\"url\":\"https:\\\/\\\/exprofesso-conseil.com\\\/wp-content\\\/uploads\\\/2022\\\/07\\\/Naiiko-removebg-1.svg\",\"contentUrl\":\"https:\\\/\\\/exprofesso-conseil.com\\\/wp-content\\\/uploads\\\/2022\\\/07\\\/Naiiko-removebg-1.svg\",\"width\":1227,\"height\":837,\"caption\":\"ExProfesso\"},\"image\":{\"@id\":\"https:\\\/\\\/exprofesso-conseil.com\\\/#\\\/schema\\\/logo\\\/image\\\/\"}}]}<\/script>\n<!-- \/ Yoast SEO plugin. -->","yoast_head_json":{"title":"Contact - ExProfesso","robots":{"index":"index","follow":"follow","max-snippet":"max-snippet:-1","max-image-preview":"max-image-preview:large","max-video-preview":"max-video-preview:-1"},"canonical":"https:\/\/exprofesso-conseil.com\/index.php\/contact\/","og_locale":"fr_FR","og_type":"article","og_title":"Contact - ExProfesso","og_description":"ExProfesso est \u00e0 votre service Laissez nous un message D\u00e9crivez nous votre demande,\u00a0nous reviendrons vers vous au plus vite\u00a0 Veuillez activer JavaScript dans votre navigateur pour remplir ce formulaire.Soci\u00e9t\u00e9 *Nom *Pr\u00e9nom *T\u00e9l\u00e9phoneEmail *Sujet *Demande * Envoyer Merci de bien vouloir renseigner les champs marqu\u00e9s d&#8217;une \u00e9toile. Conform\u00e9ment \u00e0 la loi \u00ab informatique et libert\u00e9s \u00bb [&hellip;]","og_url":"https:\/\/exprofesso-conseil.com\/index.php\/contact\/","og_site_name":"ExProfesso","article_modified_time":"2023-10-14T15:38:19+00:00","og_image":[{"url":"https:\/\/exprofesso-conseil.com\/wp-content\/plugins\/wpforms-lite\/assets\/images\/submit-spin.svg","type":"","width":"","height":""}],"twitter_card":"summary_large_image","twitter_misc":{"Dur\u00e9e de lecture estim\u00e9e":"1 minute"},"schema":{"@context":"https:\/\/schema.org","@graph":[{"@type":"WebPage","@id":"https:\/\/exprofesso-conseil.com\/index.php\/contact\/","url":"https:\/\/exprofesso-conseil.com\/index.php\/contact\/","name":"Contact - ExProfesso","isPartOf":{"@id":"https:\/\/exprofesso-conseil.com\/#website"},"primaryImageOfPage":{"@id":"https:\/\/exprofesso-conseil.com\/index.php\/contact\/#primaryimage"},"image":{"@id":"https:\/\/exprofesso-conseil.com\/index.php\/contact\/#primaryimage"},"thumbnailUrl":"https:\/\/exprofesso-conseil.com\/wp-content\/plugins\/wpforms-lite\/assets\/images\/submit-spin.svg","datePublished":"2022-06-16T11:42:14+00:00","dateModified":"2023-10-14T15:38:19+00:00","breadcrumb":{"@id":"https:\/\/exprofesso-conseil.com\/index.php\/contact\/#breadcrumb"},"inLanguage":"fr-FR","potentialAction":[{"@type":"ReadAction","target":["https:\/\/exprofesso-conseil.com\/index.php\/contact\/"]}]},{"@type":"ImageObject","inLanguage":"fr-FR","@id":"https:\/\/exprofesso-conseil.com\/index.php\/contact\/#primaryimage","url":"https:\/\/exprofesso-conseil.com\/wp-content\/plugins\/wpforms-lite\/assets\/images\/submit-spin.svg","contentUrl":"https:\/\/exprofesso-conseil.com\/wp-content\/plugins\/wpforms-lite\/assets\/images\/submit-spin.svg"},{"@type":"BreadcrumbList","@id":"https:\/\/exprofesso-conseil.com\/index.php\/contact\/#breadcrumb","itemListElement":[{"@type":"ListItem","position":1,"name":"Accueil","item":"https:\/\/exprofesso-conseil.com\/"},{"@type":"ListItem","position":2,"name":"Contact"}]},{"@type":"WebSite","@id":"https:\/\/exprofesso-conseil.com\/#website","url":"https:\/\/exprofesso-conseil.com\/","name":"ExProfesso","description":"Accompagnement &amp; Formation","publisher":{"@id":"https:\/\/exprofesso-conseil.com\/#organization"},"potentialAction":[{"@type":"SearchAction","target":{"@type":"EntryPoint","urlTemplate":"https:\/\/exprofesso-conseil.com\/?s={search_term_string}"},"query-input":{"@type":"PropertyValueSpecification","valueRequired":true,"valueName":"search_term_string"}}],"inLanguage":"fr-FR"},{"@type":"Organization","@id":"https:\/\/exprofesso-conseil.com\/#organization","name":"ExProfesso","url":"https:\/\/exprofesso-conseil.com\/","logo":{"@type":"ImageObject","inLanguage":"fr-FR","@id":"https:\/\/exprofesso-conseil.com\/#\/schema\/logo\/image\/","url":"https:\/\/exprofesso-conseil.com\/wp-content\/uploads\/2022\/07\/Naiiko-removebg-1.svg","contentUrl":"https:\/\/exprofesso-conseil.com\/wp-content\/uploads\/2022\/07\/Naiiko-removebg-1.svg","width":1227,"height":837,"caption":"ExProfesso"},"image":{"@id":"https:\/\/exprofesso-conseil.com\/#\/schema\/logo\/image\/"}}]}},"_links":{"self":[{"href":"https:\/\/exprofesso-conseil.com\/index.php\/wp-json\/wp\/v2\/pages\/9","targetHints":{"allow":["GET"]}}],"collection":[{"href":"https:\/\/exprofesso-conseil.com\/index.php\/wp-json\/wp\/v2\/pages"}],"about":[{"href":"https:\/\/exprofesso-conseil.com\/index.php\/wp-json\/wp\/v2\/types\/page"}],"author":[{"embeddable":true,"href":"https:\/\/exprofesso-conseil.com\/index.php\/wp-json\/wp\/v2\/users\/1"}],"replies":[{"embeddable":true,"href":"https:\/\/exprofesso-conseil.com\/index.php\/wp-json\/wp\/v2\/comments?post=9"}],"version-history":[{"count":262,"href":"https:\/\/exprofesso-conseil.com\/index.php\/wp-json\/wp\/v2\/pages\/9\/revisions"}],"predecessor-version":[{"id":2601,"href":"https:\/\/exprofesso-conseil.com\/index.php\/wp-json\/wp\/v2\/pages\/9\/revisions\/2601"}],"wp:attachment":[{"href":"https:\/\/exprofesso-conseil.com\/index.php\/wp-json\/wp\/v2\/media?parent=9"}],"curies":[{"name":"wp","href":"https:\/\/api.w.org\/{rel}","templated":true}]}}