{"id":1348,"date":"2022-07-05T22:28:09","date_gmt":"2022-07-05T20:28:09","guid":{"rendered":"http:\/\/xxotvva.cluster030.hosting.ovh.net\/?page_id=1348"},"modified":"2022-07-05T22:45:19","modified_gmt":"2022-07-05T20:45:19","slug":"rgpd","status":"publish","type":"page","link":"https:\/\/exprofesso-conseil.com\/index.php\/rgpd\/","title":{"rendered":"RGPD"},"content":{"rendered":"\t\t<div data-elementor-type=\"wp-page\" data-elementor-id=\"1348\" class=\"elementor elementor-1348\">\n\t\t\t\t\t\t<section class=\"elementor-section elementor-top-section elementor-element elementor-element-979914f elementor-section-boxed elementor-section-height-default elementor-section-height-default\" data-id=\"979914f\" data-element_type=\"section\" data-e-type=\"section\">\n\t\t\t\t\t\t<div class=\"elementor-container elementor-column-gap-default\">\n\t\t\t\t\t<div class=\"elementor-column elementor-col-100 elementor-top-column elementor-element elementor-element-19a18d4\" data-id=\"19a18d4\" data-element_type=\"column\" data-e-type=\"column\">\n\t\t\t<div class=\"elementor-widget-wrap elementor-element-populated\">\n\t\t\t\t\t\t<div class=\"elementor-element elementor-element-872873f elementor-widget elementor-widget-heading\" data-id=\"872873f\" data-element_type=\"widget\" data-e-type=\"widget\" data-widget_type=\"heading.default\">\n\t\t\t\t<div class=\"elementor-widget-container\">\n\t\t\t\t\t<h3 class=\"elementor-heading-title elementor-size-large\">RGPD : Collecte et traitement des donn\u00e9es \u00e0 caract\u00e9re personnel <\/h3>\t\t\t\t<\/div>\n\t\t\t\t<\/div>\n\t\t\t\t<div class=\"elementor-element elementor-element-9fc05e2 elementor-widget elementor-widget-text-editor\" data-id=\"9fc05e2\" data-element_type=\"widget\" data-e-type=\"widget\" data-widget_type=\"text-editor.default\">\n\t\t\t\t<div class=\"elementor-widget-container\">\n\t\t\t\t\t\t\t\t\t<p><span style=\"color: var( --e-global-color-text ); font-family: var( --e-global-typography-text-font-family ), Sans-serif; font-weight: var( --e-global-typography-text-font-weight ); font-size: 1rem;\">L\u2019organisme de formation tient \u00e0 rappeler au repr\u00e9sentant de l\u2019entreprise b\u00e9n\u00e9ficiaire de la<\/span><\/p><p>pr\u00e9sente convention que l\u2019ex\u00e9cution du pr\u00e9sent contrat rend n\u00e9cessaire la collecte et le<\/p><p>traitement de donn\u00e9es \u00e0 caract\u00e8re personnel le concernant et ce, afin de respecter les finalit\u00e9s<\/p><p>suivantes :<\/p><p>&#8211; permettre \u00e0 l\u2019organisme de formation de satisfaire \u00e0 ses obligations de justificatifs de la<\/p><p>r\u00e9alit\u00e9 des actions de formations dispens\u00e9es, telles que pr\u00e9cis\u00e9es aux articles L.6362-6 et<\/p><p>suivants du Code du travail et plus sp\u00e9cifiquement des feuilles d\u2019\u00e9margement.<\/p><p>&#8211; permettre le suivi technique, administratif et p\u00e9dagogique de l\u2019action de formation dans le<\/p><p>cadre de la r\u00e9alisation de la formation, objet des pr\u00e9sentes.<\/p><p>L\u2019organisme de formation Jamal-Eddine Benlahmar tient \u00e0 rappeler que le d\u00e9faut de<\/p><p>fourniture de ces donn\u00e9es personnelles emp\u00eacherait la r\u00e9alisation des objectifs ci-avant rappel\u00e9s et<\/p><p>que la collecte conditionne plus g\u00e9n\u00e9ralement la conclusion et l\u2019ex\u00e9cution du pr\u00e9sent contrat.<\/p><p>Les donn\u00e9es \u00e0 caract\u00e8re personnel seront adress\u00e9es aux formateurs intervenants au sein de<\/p><p>l\u2019organisme de formation, aux organismes financeurs le cas \u00e9ch\u00e9ant, aux autorit\u00e9s de contr\u00f4le,<\/p><p>d\u00fbment habilit\u00e9es par les dispositions l\u00e9gales et r\u00e9glementaires en vigueur.<\/p><p>En application de l\u2019article 13 du r\u00e8glement europ\u00e9en sur la protection des donn\u00e9es \u00e0 caract\u00e8re<\/p><p>personnel du 27 avril 2016, le repr\u00e9sentant de l\u2019entreprise b\u00e9n\u00e9ficiaire signataire de la pr\u00e9sente<\/p><p>convention est inform\u00e9 de ce qu\u2019il dispose du droit de demander au responsable du traitement<\/p><p>l\u2019acc\u00e8s aux donn\u00e9es \u00e0 caract\u00e8re personnel, la rectification ou l\u2019effacement de celles-ci, ou une<\/p><p>limitation du traitement relatif \u00e0 le personne concern\u00e9e, ou du droit de s\u2019opposer au traitement ou<\/p><p>du droit \u00e0 la portabilit\u00e9 des donn\u00e9es.<\/p><p>Ces donn\u00e9es seront conserv\u00e9es pendant toute la dur\u00e9e et l\u2019ex\u00e9cution du pr\u00e9sent contrat, ainsi que,<\/p><p>le cas \u00e9ch\u00e9ant, pour la dur\u00e9e de la prolongation \u00e9ventuelle. Afin de permettre un suivi statistique et<\/p><p>pr\u00e9server les int\u00e9r\u00eats de l\u2019organisme de formation du point de vue de l\u2019engagement de sa<\/p><p>responsabilit\u00e9 civile, elles seront \u00e9galement conserv\u00e9es pendant une dur\u00e9e de 5 (cinq) ans \u00e0 compter<\/p><p>du terme du pr\u00e9sent, contrat, correspondant au d\u00e9lai de prescription de droit commun. Cette dur\u00e9e<\/p><p>pourra \u00eatre prolong\u00e9e le cas \u00e9ch\u00e9ant, en cas de survenance d\u2019\u00e9v\u00e9nements qui pourraient<\/p><p>interrompre ou suspendre ce d\u00e9lai de prescription.<\/p><p>Pendant cette dur\u00e9e, ces donn\u00e9es feront l\u2019objet d\u2019un archivage, pr\u00e9alable \u00e0 leur suppression<\/p><p>d\u00e9finitive.<\/p><p>Le repr\u00e9sentant de l\u2019entreprise b\u00e9n\u00e9ficiaire signataire de la pr\u00e9sente convention est \u00e9galement<\/p><p>inform\u00e9 de ce qu\u2019il dispose de droit de saisir une autorit\u00e9 de contr\u00f4le afin d\u2019introduire, le cas<\/p><p>\u00e9ch\u00e9ant, une r\u00e9clamation, en saisissant plus sp\u00e9cifiquement la Commission Nationale Informatique<\/p><p>et Libert\u00e9s (CNIL).<\/p>\t\t\t\t\t\t\t\t<\/div>\n\t\t\t\t<\/div>\n\t\t\t\t\t<\/div>\n\t\t<\/div>\n\t\t\t\t\t<\/div>\n\t\t<\/section>\n\t\t\t\t<\/div>\n\t\t","protected":false},"excerpt":{"rendered":"<p>RGPD : Collecte et traitement des donn\u00e9es \u00e0 caract\u00e9re personnel L\u2019organisme de formation tient \u00e0 rappeler au repr\u00e9sentant de l\u2019entreprise b\u00e9n\u00e9ficiaire de la pr\u00e9sente convention que l\u2019ex\u00e9cution du pr\u00e9sent contrat rend n\u00e9cessaire la collecte et le traitement de donn\u00e9es \u00e0 caract\u00e8re personnel le concernant et ce, afin de respecter les finalit\u00e9s suivantes : &#8211; permettre [&hellip;]<\/p>\n","protected":false},"author":1,"featured_media":0,"parent":0,"menu_order":0,"comment_status":"closed","ping_status":"closed","template":"elementor_header_footer","meta":{"footnotes":""},"class_list":["post-1348","page","type-page","status-publish","hentry"],"yoast_head":"<!-- This site is optimized with the Yoast SEO plugin v27.4 - https:\/\/yoast.com\/product\/yoast-seo-wordpress\/ -->\n<title>RGPD - ExProfesso<\/title>\n<meta name=\"robots\" content=\"index, follow, max-snippet:-1, max-image-preview:large, max-video-preview:-1\" \/>\n<link rel=\"canonical\" href=\"https:\/\/exprofesso-conseil.com\/index.php\/rgpd\/\" \/>\n<meta property=\"og:locale\" content=\"fr_FR\" \/>\n<meta property=\"og:type\" content=\"article\" \/>\n<meta property=\"og:title\" content=\"RGPD - ExProfesso\" \/>\n<meta property=\"og:description\" content=\"RGPD : Collecte et traitement des donn\u00e9es \u00e0 caract\u00e9re personnel L\u2019organisme de formation tient \u00e0 rappeler au repr\u00e9sentant de l\u2019entreprise b\u00e9n\u00e9ficiaire de la pr\u00e9sente convention que l\u2019ex\u00e9cution du pr\u00e9sent contrat rend n\u00e9cessaire la collecte et le traitement de donn\u00e9es \u00e0 caract\u00e8re personnel le concernant et ce, afin de respecter les finalit\u00e9s suivantes : &#8211; permettre [&hellip;]\" \/>\n<meta property=\"og:url\" content=\"https:\/\/exprofesso-conseil.com\/index.php\/rgpd\/\" \/>\n<meta property=\"og:site_name\" content=\"ExProfesso\" \/>\n<meta property=\"article:modified_time\" content=\"2022-07-05T20:45:19+00:00\" \/>\n<meta name=\"twitter:card\" content=\"summary_large_image\" \/>\n<meta name=\"twitter:label1\" content=\"Dur\u00e9e de lecture estim\u00e9e\" \/>\n\t<meta name=\"twitter:data1\" content=\"3 minutes\" \/>\n<script type=\"application\/ld+json\" class=\"yoast-schema-graph\">{\"@context\":\"https:\\\/\\\/schema.org\",\"@graph\":[{\"@type\":\"WebPage\",\"@id\":\"https:\\\/\\\/exprofesso-conseil.com\\\/index.php\\\/rgpd\\\/\",\"url\":\"https:\\\/\\\/exprofesso-conseil.com\\\/index.php\\\/rgpd\\\/\",\"name\":\"RGPD - ExProfesso\",\"isPartOf\":{\"@id\":\"https:\\\/\\\/exprofesso-conseil.com\\\/#website\"},\"datePublished\":\"2022-07-05T20:28:09+00:00\",\"dateModified\":\"2022-07-05T20:45:19+00:00\",\"breadcrumb\":{\"@id\":\"https:\\\/\\\/exprofesso-conseil.com\\\/index.php\\\/rgpd\\\/#breadcrumb\"},\"inLanguage\":\"fr-FR\",\"potentialAction\":[{\"@type\":\"ReadAction\",\"target\":[\"https:\\\/\\\/exprofesso-conseil.com\\\/index.php\\\/rgpd\\\/\"]}]},{\"@type\":\"BreadcrumbList\",\"@id\":\"https:\\\/\\\/exprofesso-conseil.com\\\/index.php\\\/rgpd\\\/#breadcrumb\",\"itemListElement\":[{\"@type\":\"ListItem\",\"position\":1,\"name\":\"Accueil\",\"item\":\"https:\\\/\\\/exprofesso-conseil.com\\\/\"},{\"@type\":\"ListItem\",\"position\":2,\"name\":\"RGPD\"}]},{\"@type\":\"WebSite\",\"@id\":\"https:\\\/\\\/exprofesso-conseil.com\\\/#website\",\"url\":\"https:\\\/\\\/exprofesso-conseil.com\\\/\",\"name\":\"ExProfesso\",\"description\":\"Accompagnement &amp; Formation\",\"publisher\":{\"@id\":\"https:\\\/\\\/exprofesso-conseil.com\\\/#organization\"},\"potentialAction\":[{\"@type\":\"SearchAction\",\"target\":{\"@type\":\"EntryPoint\",\"urlTemplate\":\"https:\\\/\\\/exprofesso-conseil.com\\\/?s={search_term_string}\"},\"query-input\":{\"@type\":\"PropertyValueSpecification\",\"valueRequired\":true,\"valueName\":\"search_term_string\"}}],\"inLanguage\":\"fr-FR\"},{\"@type\":\"Organization\",\"@id\":\"https:\\\/\\\/exprofesso-conseil.com\\\/#organization\",\"name\":\"ExProfesso\",\"url\":\"https:\\\/\\\/exprofesso-conseil.com\\\/\",\"logo\":{\"@type\":\"ImageObject\",\"inLanguage\":\"fr-FR\",\"@id\":\"https:\\\/\\\/exprofesso-conseil.com\\\/#\\\/schema\\\/logo\\\/image\\\/\",\"url\":\"https:\\\/\\\/exprofesso-conseil.com\\\/wp-content\\\/uploads\\\/2022\\\/07\\\/Naiiko-removebg-1.svg\",\"contentUrl\":\"https:\\\/\\\/exprofesso-conseil.com\\\/wp-content\\\/uploads\\\/2022\\\/07\\\/Naiiko-removebg-1.svg\",\"width\":1227,\"height\":837,\"caption\":\"ExProfesso\"},\"image\":{\"@id\":\"https:\\\/\\\/exprofesso-conseil.com\\\/#\\\/schema\\\/logo\\\/image\\\/\"}}]}<\/script>\n<!-- \/ Yoast SEO plugin. -->","yoast_head_json":{"title":"RGPD - ExProfesso","robots":{"index":"index","follow":"follow","max-snippet":"max-snippet:-1","max-image-preview":"max-image-preview:large","max-video-preview":"max-video-preview:-1"},"canonical":"https:\/\/exprofesso-conseil.com\/index.php\/rgpd\/","og_locale":"fr_FR","og_type":"article","og_title":"RGPD - ExProfesso","og_description":"RGPD : Collecte et traitement des donn\u00e9es \u00e0 caract\u00e9re personnel L\u2019organisme de formation tient \u00e0 rappeler au repr\u00e9sentant de l\u2019entreprise b\u00e9n\u00e9ficiaire de la pr\u00e9sente convention que l\u2019ex\u00e9cution du pr\u00e9sent contrat rend n\u00e9cessaire la collecte et le traitement de donn\u00e9es \u00e0 caract\u00e8re personnel le concernant et ce, afin de respecter les finalit\u00e9s suivantes : &#8211; permettre [&hellip;]","og_url":"https:\/\/exprofesso-conseil.com\/index.php\/rgpd\/","og_site_name":"ExProfesso","article_modified_time":"2022-07-05T20:45:19+00:00","twitter_card":"summary_large_image","twitter_misc":{"Dur\u00e9e de lecture estim\u00e9e":"3 minutes"},"schema":{"@context":"https:\/\/schema.org","@graph":[{"@type":"WebPage","@id":"https:\/\/exprofesso-conseil.com\/index.php\/rgpd\/","url":"https:\/\/exprofesso-conseil.com\/index.php\/rgpd\/","name":"RGPD - ExProfesso","isPartOf":{"@id":"https:\/\/exprofesso-conseil.com\/#website"},"datePublished":"2022-07-05T20:28:09+00:00","dateModified":"2022-07-05T20:45:19+00:00","breadcrumb":{"@id":"https:\/\/exprofesso-conseil.com\/index.php\/rgpd\/#breadcrumb"},"inLanguage":"fr-FR","potentialAction":[{"@type":"ReadAction","target":["https:\/\/exprofesso-conseil.com\/index.php\/rgpd\/"]}]},{"@type":"BreadcrumbList","@id":"https:\/\/exprofesso-conseil.com\/index.php\/rgpd\/#breadcrumb","itemListElement":[{"@type":"ListItem","position":1,"name":"Accueil","item":"https:\/\/exprofesso-conseil.com\/"},{"@type":"ListItem","position":2,"name":"RGPD"}]},{"@type":"WebSite","@id":"https:\/\/exprofesso-conseil.com\/#website","url":"https:\/\/exprofesso-conseil.com\/","name":"ExProfesso","description":"Accompagnement &amp; Formation","publisher":{"@id":"https:\/\/exprofesso-conseil.com\/#organization"},"potentialAction":[{"@type":"SearchAction","target":{"@type":"EntryPoint","urlTemplate":"https:\/\/exprofesso-conseil.com\/?s={search_term_string}"},"query-input":{"@type":"PropertyValueSpecification","valueRequired":true,"valueName":"search_term_string"}}],"inLanguage":"fr-FR"},{"@type":"Organization","@id":"https:\/\/exprofesso-conseil.com\/#organization","name":"ExProfesso","url":"https:\/\/exprofesso-conseil.com\/","logo":{"@type":"ImageObject","inLanguage":"fr-FR","@id":"https:\/\/exprofesso-conseil.com\/#\/schema\/logo\/image\/","url":"https:\/\/exprofesso-conseil.com\/wp-content\/uploads\/2022\/07\/Naiiko-removebg-1.svg","contentUrl":"https:\/\/exprofesso-conseil.com\/wp-content\/uploads\/2022\/07\/Naiiko-removebg-1.svg","width":1227,"height":837,"caption":"ExProfesso"},"image":{"@id":"https:\/\/exprofesso-conseil.com\/#\/schema\/logo\/image\/"}}]}},"_links":{"self":[{"href":"https:\/\/exprofesso-conseil.com\/index.php\/wp-json\/wp\/v2\/pages\/1348","targetHints":{"allow":["GET"]}}],"collection":[{"href":"https:\/\/exprofesso-conseil.com\/index.php\/wp-json\/wp\/v2\/pages"}],"about":[{"href":"https:\/\/exprofesso-conseil.com\/index.php\/wp-json\/wp\/v2\/types\/page"}],"author":[{"embeddable":true,"href":"https:\/\/exprofesso-conseil.com\/index.php\/wp-json\/wp\/v2\/users\/1"}],"replies":[{"embeddable":true,"href":"https:\/\/exprofesso-conseil.com\/index.php\/wp-json\/wp\/v2\/comments?post=1348"}],"version-history":[{"count":4,"href":"https:\/\/exprofesso-conseil.com\/index.php\/wp-json\/wp\/v2\/pages\/1348\/revisions"}],"predecessor-version":[{"id":1369,"href":"https:\/\/exprofesso-conseil.com\/index.php\/wp-json\/wp\/v2\/pages\/1348\/revisions\/1369"}],"wp:attachment":[{"href":"https:\/\/exprofesso-conseil.com\/index.php\/wp-json\/wp\/v2\/media?parent=1348"}],"curies":[{"name":"wp","href":"https:\/\/api.w.org\/{rel}","templated":true}]}}