{"id":1346,"date":"2022-07-05T22:27:54","date_gmt":"2022-07-05T20:27:54","guid":{"rendered":"http:\/\/xxotvva.cluster030.hosting.ovh.net\/?page_id=1346"},"modified":"2022-07-05T22:41:02","modified_gmt":"2022-07-05T20:41:02","slug":"cgv","status":"publish","type":"page","link":"https:\/\/exprofesso-conseil.com\/index.php\/cgv\/","title":{"rendered":"CGV"},"content":{"rendered":"\t\t<div data-elementor-type=\"wp-page\" data-elementor-id=\"1346\" class=\"elementor elementor-1346\">\n\t\t\t\t\t\t<section class=\"elementor-section elementor-top-section elementor-element elementor-element-904cab1 elementor-section-boxed elementor-section-height-default elementor-section-height-default\" data-id=\"904cab1\" data-element_type=\"section\" data-e-type=\"section\">\n\t\t\t\t\t\t<div class=\"elementor-container elementor-column-gap-default\">\n\t\t\t\t\t<div class=\"elementor-column elementor-col-100 elementor-top-column elementor-element elementor-element-9e43ed5\" data-id=\"9e43ed5\" data-element_type=\"column\" data-e-type=\"column\">\n\t\t\t<div class=\"elementor-widget-wrap elementor-element-populated\">\n\t\t\t\t\t\t<div class=\"elementor-element elementor-element-10a4829 elementor-widget elementor-widget-heading\" data-id=\"10a4829\" data-element_type=\"widget\" data-e-type=\"widget\" data-widget_type=\"heading.default\">\n\t\t\t\t<div class=\"elementor-widget-container\">\n\t\t\t\t\t<h2 class=\"elementor-heading-title elementor-size-xl\">Conditions g\u00e9n\u00e9rales de vente<br><\/h2>\t\t\t\t<\/div>\n\t\t\t\t<\/div>\n\t\t\t\t<div class=\"elementor-element elementor-element-346c3bc elementor-widget elementor-widget-heading\" data-id=\"346c3bc\" data-element_type=\"widget\" data-e-type=\"widget\" data-widget_type=\"heading.default\">\n\t\t\t\t<div class=\"elementor-widget-container\">\n\t\t\t\t\t<h2 class=\"elementor-heading-title elementor-size-medium\">Formation professionnelle continue<\/h2>\t\t\t\t<\/div>\n\t\t\t\t<\/div>\n\t\t\t\t<div class=\"elementor-element elementor-element-76dcf39 elementor-widget elementor-widget-text-editor\" data-id=\"76dcf39\" data-element_type=\"widget\" data-e-type=\"widget\" data-widget_type=\"text-editor.default\">\n\t\t\t\t<div class=\"elementor-widget-container\">\n\t\t\t\t\t\t\t\t\t<p><b>Objet et champ d&#8217;application<\/b><\/p>\n<p>Suite \u00e0 la commande d&amp;#39;une formation le client accepte sans r\u00e9serve les pr\u00e9sentes conditions g\u00e9n\u00e9rales de<\/p>\n<p>vente qui pr\u00e9valent sur tout autre document de l&amp;#39;acheteur, en particulier ses conditions g\u00e9n\u00e9rales d&amp;#39;achat.<\/p><p><br><\/p>\n<p><b>Documents contractuels<\/b><\/p>\n<p>A la demande du Client, l\u2019organisme de formation Jamal-Eddine Benlahmar lui fait parvenir en double<\/p>\n<p>exemplaire une convention de formation professionnelle continue telle que pr\u00e9vue par la loi. Le client engage<\/p>\n<p>l\u2019organisme de formation Jamal-Eddine Benlahmar en lui retournant dans les plus brefs d\u00e9lais un exemplaire<\/p>\n<p>sign\u00e9 et portant son cachet commercial.<\/p>\n<p>Une inscription est d\u00e9finitivement valid\u00e9e lorsque le pr\u00e9sent document est sign\u00e9.<\/p>\n<p>A l\u2019issue de cette formation, une attestation de pr\u00e9sence est adress\u00e9e au Service Formation du Client.<\/p><p><br><\/p>\n<p><b>Prix, facturation et r\u00e8glement<\/b><\/p>\n<p>Tous nos prix sont indiqu\u00e9s hors taxes. Toute formation commenc\u00e9e est due en totalit\u00e9. Sauf mention<\/p>\n<p>contraire, ils comprennent les frais de d\u00e9placement et de bouche du formateur.<\/p>\n<p>Les factures sont payables, sans escompte et \u00e0 l&amp;#39;ordre de la soci\u00e9t\u00e9 l\u2019organisme de formation Jamal-Eddine<\/p>\n<p>Benlahmar \u00e0 r\u00e9ception de facture.<\/p><p><br><\/p>\n<p><b>R\u00e8glement par un OPCO<\/b><\/p>\n<p>En cas de r\u00e8glement de la prestation pris en charge par l\u2019Op\u00e9rateur de comp\u00e9tences dont il d\u00e9pend, il<\/p>\n<p>appartient au Client de :<\/p>\n<p>&#8211; faire une demande de prise en charge avant le d\u00e9but de la formation et de s&amp;#39;assurer l&amp;#39;acceptation de sa<\/p>\n<p>demande ;<\/p>\n<p>&#8211; indiquer explicitement sur la convention et de joindre \u00e0 l\u2019organisme de formation Jamal-Eddine Benlahmar<\/p>\n<p>une copie de l\u2019accord de prise en charge ;<\/p>\n<p>&#8211; s&#8217;assurer de la bonne fin du paiement par l&#8217;organisme qu&amp;#39;il aura d\u00e9sign\u00e9.<\/p>\n<p>En cas de paiement partiel du montant de la formation par l&amp;#39;OPCO, le solde sera factur\u00e9 au Client. Si<\/p>\n<p>l\u2019organisme de formation Jamal-Eddine Benlahmar n\u2019a pas re\u00e7u la prise en charge de l&amp;#39;OPCO au 1er jour de la<\/p>\n<p>formation, le Client sera factur\u00e9 de l&amp;#39;int\u00e9gralit\u00e9 du co\u00fbt de la formation.<\/p>\n<p>Le cas \u00e9ch\u00e9ant, le remboursement des avoirs par l\u2019organisme de formation Jamal-Eddine Benlahmar est<\/p>\n<p>effectu\u00e9 sur demande \u00e9crite du Client accompagn\u00e9 d&amp;#39;un relev\u00e9 d&amp;#39;identit\u00e9 bancaire original.<\/p><p><br><\/p>\n<p><b>P\u00e9nalit\u00e9s de retard<\/b><\/p>\n<p>En cas de retard de paiement, seront exigibles, conform\u00e9ment \u00e0 l&amp;#39;article L 441-6 du code de commerce, une<\/p>\n<p>indemnit\u00e9 calcul\u00e9e sur la base de trois fois le taux de l&amp;#39;int\u00e9r\u00eat l\u00e9gal en vigueur ainsi qu&amp;#39;une indemnit\u00e9<\/p>\n<p>forfaitaire pour frais de recouvrement de 40 euros. Ces p\u00e9nalit\u00e9s sont exigibles de plein droit, d\u00e8s r\u00e9ception de<\/p>\n<p>l\u2019avis informant le Client qu\u2019elles ont \u00e9t\u00e9 port\u00e9es \u00e0 son d\u00e9bit.<\/p><p><br><\/p>\n<p><b>Refus de commande<\/b><\/p>\n<p>Dans le cas o\u00f9 un Client s\u2019inscrirait \u00e0 une formation l\u2019organisme de formation Jamal-Eddine Benlahmar, sans<\/p>\n<p>avoir proc\u00e9d\u00e9 au paiement des formations pr\u00e9c\u00e9dentes, l\u2019organisme de formation Jamal-Eddine Benlahmar<\/p>\n<p>pourra refuser d\u2019honorer la commande et lui refuser sa participation \u00e0 la formation, sans que le Client puisse<\/p>\n<p>pr\u00e9tendre \u00e0 une quelconque indemnit\u00e9, pour quelque raison que ce soit.<\/p><p><br><\/p>\n<p><b>Conditions d\u2019annulation et de report de l\u2019action de formation<\/b><\/p>\n<p><\/p>\n<p><br><\/p>\n<p>Toute annulation par le Client doit \u00eatre communiqu\u00e9e par \u00e9crit. Pour toute annulation, f\u00fbt-ce en cas de force<\/p>\n<p>majeure :<\/p>\n<p>&#8211; si une annulation intervient avant le d\u00e9but de la prestation et que l&amp;#39;action de formation est report\u00e9e dans un<\/p>\n<p>d\u00e9lai de 12 mois \u00e0 compter de la date de la commande, la totalit\u00e9 du r\u00e8glement du client sera port\u00e9e au cr\u00e9dit<\/p>\n<p>du Client sous forme d&amp;#39;avoir imputable sur une formation future. Si aucun report n&amp;#39;a \u00e9t\u00e9 effectu\u00e9 dans ce d\u00e9lai<\/p>\n<p>de 12 mois le r\u00e8glement restera acquis \u00e0 l\u2019organisme de formation Jamal-Eddine Benlahmar \u00e0 titre<\/p>\n<p>d&amp;#39;indemnit\u00e9 forfaitaire.<\/p>\n<p>&#8211; si une annulation intervient pendant la formation, le r\u00e8glement reste acquis \u00e0 l\u2019organisme de formation<\/p>\n<p>Jamal-Eddine Benlahmar \u00e0 titre d&#8217;indemnit\u00e9 forfaitaire.<\/p>\n<p>En cas de subrogation, le Client s\u2019engage \u00e0 payer les montants non pris en charge par l\u2019OPCO.<\/p><p><br><\/p>\n<p><b>Conditions d\u2019annulation et de report d\u2019une s\u00e9ance de formation<\/b><\/p>\n<p>Le client peut annuler une s\u00e9ance de formation dans la mesure o\u00f9 cette annulation survient au moins trois<\/p>\n<p>jours ouvr\u00e9s avant le jour et l\u2019heure pr\u00e9vus. Toute annulation d\u2019une s\u00e9ance doit \u00eatre communiqu\u00e9e par<\/p>\n<p>t\u00e9l\u00e9phone et par mail. La s\u00e9ance peut ensuite \u00eatre report\u00e9e selon le planning du formateur.<\/p><p><br><\/p>\n<p><b>M\u00e9diation de la consommation :<\/b><\/p>\n<p>Les litiges nationaux ou transfrontaliers qui viendraient \u00e0 se produire \u00e0 propos de la validit\u00e9, de l\u2019interpr\u00e9tation,<\/p>\n<p>de l\u2019ex\u00e9cution ou de l\u2019inex\u00e9cution, de l\u2019interruption ou de la r\u00e9siliation de la pr\u00e9sente convention, peuvent \u00eatre<\/p>\n<p>soumis \u00e0 la m\u00e9diation de la consommation \u00e0 la demande du consommateur.<\/p>\n<p>La m\u00e9diation de la consommation d\u00e9signe un processus de r\u00e8glement extrajudiciaire des litiges, par lequel un<\/p>\n<p>consommateur et un professionnel tentent de parvenir \u00e0 un accord pour r\u00e9soudre \u00e0 l\u2019amiable un litige qui les<\/p>\n<p>oppose, avec l\u2019aide d\u2019un tiers, le m\u00e9diateur. A d\u00e9faut d&#8217;accord amiable entre les parties, le m\u00e9diateur leur<\/p>\n<p>propose une solution pour r\u00e9gler le litige.<\/p><p><br><\/p>\n<p>Le consommateur ne peut toutefois saisir le m\u00e9diateur qu\u2019\u00e0 la condition d\u2019avoir pr\u00e9alablement fait une<\/p>\n<p>d\u00e9marche par \u00e9crit directement aupr\u00e8s du professionnel concern\u00e9 ou de son service client pour tenter de<\/p>\n<p>r\u00e9soudre son litige. Si cette d\u00e9marche n\u2019est pas effectu\u00e9e, la demande de m\u00e9diation sera irrecevable.<\/p>\n<p>La liste de l\u2019ensemble des m\u00e9diateurs agr\u00e9e par la Commission d\u2019\u00e9valuation et de contr\u00f4le de la m\u00e9diation de<\/p>\n<p>la consommation (CECMC) est accessible sur son site internet :<\/p>\n<p>https:\/\/www.economie.gouv.fr\/mediation-conso\/liste-des-mediateurs-refrences<\/p>\n<p>Le litige ne peut notamment \u00eatre examin\u00e9 par le m\u00e9diateur si :<\/p>\n<p>&#8211; le client ne justifie pas avoir tent\u00e9, au pr\u00e9alable, de r\u00e9soudre son litige directement aupr\u00e8s de l\u2019organisme de<\/p>\n<p>formation Jamal-Eddine Benlahmar par une r\u00e9clamation \u00e9crite,<\/p>\n<p>&#8211; la demande est manifestement infond\u00e9e ou abusive,<\/p>\n<p>&#8211; le litige a \u00e9t\u00e9 pr\u00e9c\u00e9demment examin\u00e9 ou est en cours d\u2019examen par un autre m\u00e9diateur ou par un tribunal,<\/p>\n<p>&#8211; le consommateur a introduit sa demande aupr\u00e8s du m\u00e9diateur dans un d\u00e9lai sup\u00e9rieur \u00e0 un an \u00e0 compter de<\/p>\n<p>sa r\u00e9clamation \u00e9crite aupr\u00e8s de l\u2019organisme de formation Jamal-Eddine Benlahmar<\/p>\n<p>&#8211; le litige n\u2019entre pas dans son champ de comp\u00e9tence.<\/p>\n<p>La m\u00e9diation est gratuite pour le client (sauf si celui-ci a volontairement recours \u00e0 un avocat, un tiers de son<\/p>\n<p>choix ou un expert).<\/p>\n<p>Le m\u00e9diateur ne pourra recevoir aucune instruction des parties ni \u00eatre r\u00e9mun\u00e9r\u00e9 en fonction du r\u00e9sultat.<\/p>\n<p>La m\u00e9diation des litiges de consommation est soumise \u00e0 l\u2019obligation de confidentialit\u00e9 pr\u00e9vue par l\u2019article 21-3<\/p>\n<p>de la loi n\u00b0 95-125 du 8 f\u00e9vrier 1995 relative \u00e0 l\u2019organisation des juridictions et de la proc\u00e9dure civile, p\u00e9nale et<\/p>\n<p>administrative.<\/p>\n<p>Les parties demeurent libres de soumettre leur litige \u00e0 un juge dans le cadre des dispositions l\u00e9gales<\/p>\n<p>applicables.<\/p><p><br><\/p>\n<p><b>Conformit\u00e9 des lieux<\/b><\/p>\n<p>Pour les formations prest\u00e9es dans les locaux des stagiaires, les entreprises devront respecter la conformit\u00e9 des<\/p>\n<p>lieux devant accueillant des formations en mati\u00e8re de s\u00e9curit\u00e9, d&amp;#39;hygi\u00e8ne, accessibilit\u00e9, de disponibilit\u00e9 des<\/p>\n<p>moyens.<\/p>\n<p><\/p>\n<p><br><\/p>\n<p><b>Protection des donn\u00e9es \u00e0 caract\u00e8re personnel<\/b><\/p>\n<p>Les informations \u00e0 caract\u00e8re personnel qui sont communiqu\u00e9es par le Client \u00e0 l\u2019organisme de formation Jamal-<\/p>\n<p>Eddine Benlahmar en application et dans l\u2019ex\u00e9cution des formations pourront \u00eatre communiqu\u00e9es aux<\/p>\n<p>partenaires de l\u2019organisme de formation Jamal-Eddine Benlahmar pour les seuls besoins desdits stages. Les<\/p>\n<p>donn\u00e9es sont s\u00e9curis\u00e9es et conserv\u00e9s pendant la relation client. Conform\u00e9ment aux dispositions de la loi 2018-<\/p>\n<p>493 du 20 juin 2018 relative \u00e0 la protection des donn\u00e9es personnelles, le Client peut exercer son droit d\u2019acc\u00e8s,<\/p>\n<p>de rectification, d\u2019opposition, de limitation et de portabilit\u00e9 en s\u2019adressant \u00e0 je.benlahmar@gmail.com ou par<\/p>\n<p>courrier postal adress\u00e9 \u00e0 l\u2019organisme de formation Jamal-Eddine Benlahmar, 9 rue Jules Ferry 87410 La Palais-<\/p>\n<p>sur-Vienne.<\/p><p><br><\/p>\n<p><b>Renonciation<\/b><\/p>\n<p>Le fait, pour l\u2019organisme de formation Jamal-Eddine Benlahmar de ne pas se pr\u00e9valoir \u00e0 un moment donn\u00e9 de<\/p>\n<p>l&amp;#39;une quelconque des clauses pr\u00e9sentes ne peut valoir renonciation \u00e0 se pr\u00e9valoir ult\u00e9rieurement de ces<\/p>\n<p>m\u00eames clauses.<\/p><p><br><\/p>\n<p><b>R\u00e9clamation<\/b><\/p><p><b><br><\/b><\/p>\n<p>Pour toute r\u00e9clamation, veuillez envoyer un courrier par A\/R au plus tard 3 jours apr\u00e8s la formation \u00e0 Jamal-<\/p>\n<p>Eddine Benlahmar, 9 rue Jules Ferry 87410 La Palais-sur-Vienne.<\/p><p><br><\/p>\n<p><b>Obligation de non sollicitation de personnel<\/b><\/p><p><b><br><\/b><\/p>\n<p>Le Client s&amp;#39;engage \u00e0 ne pas d\u00e9baucher ou embaucher le personnel de l\u2019organisme de formation Jamal-Eddine<\/p>\n<p>Benlahmar ayant particip\u00e9 \u00e0 l&amp;#39;ex\u00e9cution du contrat, pendant toute la dur\u00e9e de celui-ci et pendant les deux<\/p>\n<p>ann\u00e9es civiles qui suivront la cessation des relations contractuelles. En cas de non-respect de la pr\u00e9sente<\/p>\n<p>obligation, le client devra verser \u00e0 l\u2019organisme de formation Jamal-Eddine Benlahmar \u00e0 titre de clause p\u00e9nale<\/p>\n<p>une indemnit\u00e9 \u00e9gale \u00e0 douze fois le dernier salaire, charges patronales en sus, du salari\u00e9 ind\u00fbment d\u00e9bauch\u00e9.<\/p><p><br><\/p>\n<p><b>Loi applicable<\/b><\/p><p><b><br><\/b><\/p>\n<p>La loi fran\u00e7aise est applicable en ce qui concerne ces Conditions G\u00e9n\u00e9rales de Ventes et les relations<\/p>\n<p>contractuelles entre l\u2019organisme de formation Jamal-Eddine Benlahmar et ses Clients.<\/p><p><br><\/p>\n<p><b>Attribution de comp\u00e9tence<\/b><\/p><p><b><br><\/b><\/p>\n<p>Tous litiges qui ne pourraient \u00eatre r\u00e9gl\u00e9s \u00e0 l\u2019amiable seront de la comp\u00e9tence exclusive du Tribunal judiciaire de<\/p>\n<p>Limoges, quel que soit le si\u00e8ge ou la r\u00e9sidence du Client, nonobstant pluralit\u00e9 de d\u00e9fendeurs ou appel en<\/p>\n<p>garantie. Cette clause attributive de comp\u00e9tence ne s\u2019appliquera pas au cas de litige avec un Client non<\/p>\n<p>professionnel pour lequel les r\u00e8gles l\u00e9gales de comp\u00e9tence mat\u00e9rielle et g\u00e9ographique s\u2019appliqueront. La<\/p>\n<p>pr\u00e9sente clause est stipul\u00e9e dans l&amp;#39;int\u00e9r\u00eat de l\u2019organisme de formation Jamal-Eddine Benlahmar qui se<\/p>\n<p>r\u00e9serve le droit d&#8217;y renoncer si bon lui semble.<\/p>\t\t\t\t\t\t\t\t<\/div>\n\t\t\t\t<\/div>\n\t\t\t\t<div class=\"elementor-element elementor-element-806a4e0 elementor-widget elementor-widget-image\" data-id=\"806a4e0\" data-element_type=\"widget\" data-e-type=\"widget\" data-widget_type=\"image.default\">\n\t\t\t\t<div class=\"elementor-widget-container\">\n\t\t\t\t\t\t\t\t\t\t\t\t\t\t\t<img decoding=\"async\" src=\"https:\/\/exprofesso-conseil.com\/wp-content\/uploads\/elementor\/thumbs\/Naiiko-removebg-prbrh7g55gnl0oi0ek9ezuk5l6tdmo4ka53j7rf3nk.png\" title=\"Naiiko-removebg\" alt=\"Naiiko-removebg\" loading=\"lazy\" \/>\t\t\t\t\t\t\t\t\t\t\t\t\t\t\t<\/div>\n\t\t\t\t<\/div>\n\t\t\t\t\t<\/div>\n\t\t<\/div>\n\t\t\t\t\t<\/div>\n\t\t<\/section>\n\t\t\t\t<\/div>\n\t\t","protected":false},"excerpt":{"rendered":"<p>Conditions g\u00e9n\u00e9rales de vente Formation professionnelle continue Objet et champ d&#8217;application Suite \u00e0 la commande d&amp;#39;une formation le client accepte sans r\u00e9serve les pr\u00e9sentes conditions g\u00e9n\u00e9rales de vente qui pr\u00e9valent sur tout autre document de l&amp;#39;acheteur, en particulier ses conditions g\u00e9n\u00e9rales d&amp;#39;achat. Documents contractuels A la demande du Client, l\u2019organisme de formation Jamal-Eddine Benlahmar lui [&hellip;]<\/p>\n","protected":false},"author":1,"featured_media":0,"parent":0,"menu_order":0,"comment_status":"closed","ping_status":"closed","template":"elementor_header_footer","meta":{"footnotes":""},"class_list":["post-1346","page","type-page","status-publish","hentry"],"yoast_head":"<!-- This site is optimized with the Yoast SEO plugin v27.4 - https:\/\/yoast.com\/product\/yoast-seo-wordpress\/ -->\n<title>CGV - ExProfesso<\/title>\n<meta name=\"robots\" content=\"index, follow, max-snippet:-1, max-image-preview:large, max-video-preview:-1\" \/>\n<link rel=\"canonical\" href=\"https:\/\/exprofesso-conseil.com\/index.php\/cgv\/\" \/>\n<meta property=\"og:locale\" content=\"fr_FR\" \/>\n<meta property=\"og:type\" content=\"article\" \/>\n<meta property=\"og:title\" content=\"CGV - ExProfesso\" \/>\n<meta property=\"og:description\" content=\"Conditions g\u00e9n\u00e9rales de vente Formation professionnelle continue Objet et champ d&#8217;application Suite \u00e0 la commande d&amp;#39;une formation le client accepte sans r\u00e9serve les pr\u00e9sentes conditions g\u00e9n\u00e9rales de vente qui pr\u00e9valent sur tout autre document de l&amp;#39;acheteur, en particulier ses conditions g\u00e9n\u00e9rales d&amp;#39;achat. Documents contractuels A la demande du Client, l\u2019organisme de formation Jamal-Eddine Benlahmar lui [&hellip;]\" \/>\n<meta property=\"og:url\" content=\"https:\/\/exprofesso-conseil.com\/index.php\/cgv\/\" \/>\n<meta property=\"og:site_name\" content=\"ExProfesso\" \/>\n<meta property=\"article:modified_time\" content=\"2022-07-05T20:41:02+00:00\" \/>\n<meta property=\"og:image\" content=\"http:\/\/xxotvva.cluster030.hosting.ovh.net\/wp-content\/uploads\/2022\/06\/Naiiko-removebg-150x150.png\" \/>\n<meta name=\"twitter:card\" content=\"summary_large_image\" \/>\n<meta name=\"twitter:label1\" content=\"Dur\u00e9e de lecture estim\u00e9e\" \/>\n\t<meta name=\"twitter:data1\" content=\"8 minutes\" \/>\n<script type=\"application\/ld+json\" class=\"yoast-schema-graph\">{\"@context\":\"https:\\\/\\\/schema.org\",\"@graph\":[{\"@type\":\"WebPage\",\"@id\":\"https:\\\/\\\/exprofesso-conseil.com\\\/index.php\\\/cgv\\\/\",\"url\":\"https:\\\/\\\/exprofesso-conseil.com\\\/index.php\\\/cgv\\\/\",\"name\":\"CGV - ExProfesso\",\"isPartOf\":{\"@id\":\"https:\\\/\\\/exprofesso-conseil.com\\\/#website\"},\"primaryImageOfPage\":{\"@id\":\"https:\\\/\\\/exprofesso-conseil.com\\\/index.php\\\/cgv\\\/#primaryimage\"},\"image\":{\"@id\":\"https:\\\/\\\/exprofesso-conseil.com\\\/index.php\\\/cgv\\\/#primaryimage\"},\"thumbnailUrl\":\"http:\\\/\\\/xxotvva.cluster030.hosting.ovh.net\\\/wp-content\\\/uploads\\\/2022\\\/06\\\/Naiiko-removebg-150x150.png\",\"datePublished\":\"2022-07-05T20:27:54+00:00\",\"dateModified\":\"2022-07-05T20:41:02+00:00\",\"breadcrumb\":{\"@id\":\"https:\\\/\\\/exprofesso-conseil.com\\\/index.php\\\/cgv\\\/#breadcrumb\"},\"inLanguage\":\"fr-FR\",\"potentialAction\":[{\"@type\":\"ReadAction\",\"target\":[\"https:\\\/\\\/exprofesso-conseil.com\\\/index.php\\\/cgv\\\/\"]}]},{\"@type\":\"ImageObject\",\"inLanguage\":\"fr-FR\",\"@id\":\"https:\\\/\\\/exprofesso-conseil.com\\\/index.php\\\/cgv\\\/#primaryimage\",\"url\":\"http:\\\/\\\/xxotvva.cluster030.hosting.ovh.net\\\/wp-content\\\/uploads\\\/2022\\\/06\\\/Naiiko-removebg-150x150.png\",\"contentUrl\":\"http:\\\/\\\/xxotvva.cluster030.hosting.ovh.net\\\/wp-content\\\/uploads\\\/2022\\\/06\\\/Naiiko-removebg-150x150.png\"},{\"@type\":\"BreadcrumbList\",\"@id\":\"https:\\\/\\\/exprofesso-conseil.com\\\/index.php\\\/cgv\\\/#breadcrumb\",\"itemListElement\":[{\"@type\":\"ListItem\",\"position\":1,\"name\":\"Accueil\",\"item\":\"https:\\\/\\\/exprofesso-conseil.com\\\/\"},{\"@type\":\"ListItem\",\"position\":2,\"name\":\"CGV\"}]},{\"@type\":\"WebSite\",\"@id\":\"https:\\\/\\\/exprofesso-conseil.com\\\/#website\",\"url\":\"https:\\\/\\\/exprofesso-conseil.com\\\/\",\"name\":\"ExProfesso\",\"description\":\"Accompagnement &amp; Formation\",\"publisher\":{\"@id\":\"https:\\\/\\\/exprofesso-conseil.com\\\/#organization\"},\"potentialAction\":[{\"@type\":\"SearchAction\",\"target\":{\"@type\":\"EntryPoint\",\"urlTemplate\":\"https:\\\/\\\/exprofesso-conseil.com\\\/?s={search_term_string}\"},\"query-input\":{\"@type\":\"PropertyValueSpecification\",\"valueRequired\":true,\"valueName\":\"search_term_string\"}}],\"inLanguage\":\"fr-FR\"},{\"@type\":\"Organization\",\"@id\":\"https:\\\/\\\/exprofesso-conseil.com\\\/#organization\",\"name\":\"ExProfesso\",\"url\":\"https:\\\/\\\/exprofesso-conseil.com\\\/\",\"logo\":{\"@type\":\"ImageObject\",\"inLanguage\":\"fr-FR\",\"@id\":\"https:\\\/\\\/exprofesso-conseil.com\\\/#\\\/schema\\\/logo\\\/image\\\/\",\"url\":\"https:\\\/\\\/exprofesso-conseil.com\\\/wp-content\\\/uploads\\\/2022\\\/07\\\/Naiiko-removebg-1.svg\",\"contentUrl\":\"https:\\\/\\\/exprofesso-conseil.com\\\/wp-content\\\/uploads\\\/2022\\\/07\\\/Naiiko-removebg-1.svg\",\"width\":1227,\"height\":837,\"caption\":\"ExProfesso\"},\"image\":{\"@id\":\"https:\\\/\\\/exprofesso-conseil.com\\\/#\\\/schema\\\/logo\\\/image\\\/\"}}]}<\/script>\n<!-- \/ Yoast SEO plugin. -->","yoast_head_json":{"title":"CGV - ExProfesso","robots":{"index":"index","follow":"follow","max-snippet":"max-snippet:-1","max-image-preview":"max-image-preview:large","max-video-preview":"max-video-preview:-1"},"canonical":"https:\/\/exprofesso-conseil.com\/index.php\/cgv\/","og_locale":"fr_FR","og_type":"article","og_title":"CGV - ExProfesso","og_description":"Conditions g\u00e9n\u00e9rales de vente Formation professionnelle continue Objet et champ d&#8217;application Suite \u00e0 la commande d&amp;#39;une formation le client accepte sans r\u00e9serve les pr\u00e9sentes conditions g\u00e9n\u00e9rales de vente qui pr\u00e9valent sur tout autre document de l&amp;#39;acheteur, en particulier ses conditions g\u00e9n\u00e9rales d&amp;#39;achat. Documents contractuels A la demande du Client, l\u2019organisme de formation Jamal-Eddine Benlahmar lui [&hellip;]","og_url":"https:\/\/exprofesso-conseil.com\/index.php\/cgv\/","og_site_name":"ExProfesso","article_modified_time":"2022-07-05T20:41:02+00:00","og_image":[{"url":"http:\/\/xxotvva.cluster030.hosting.ovh.net\/wp-content\/uploads\/2022\/06\/Naiiko-removebg-150x150.png","type":"","width":"","height":""}],"twitter_card":"summary_large_image","twitter_misc":{"Dur\u00e9e de lecture estim\u00e9e":"8 minutes"},"schema":{"@context":"https:\/\/schema.org","@graph":[{"@type":"WebPage","@id":"https:\/\/exprofesso-conseil.com\/index.php\/cgv\/","url":"https:\/\/exprofesso-conseil.com\/index.php\/cgv\/","name":"CGV - ExProfesso","isPartOf":{"@id":"https:\/\/exprofesso-conseil.com\/#website"},"primaryImageOfPage":{"@id":"https:\/\/exprofesso-conseil.com\/index.php\/cgv\/#primaryimage"},"image":{"@id":"https:\/\/exprofesso-conseil.com\/index.php\/cgv\/#primaryimage"},"thumbnailUrl":"http:\/\/xxotvva.cluster030.hosting.ovh.net\/wp-content\/uploads\/2022\/06\/Naiiko-removebg-150x150.png","datePublished":"2022-07-05T20:27:54+00:00","dateModified":"2022-07-05T20:41:02+00:00","breadcrumb":{"@id":"https:\/\/exprofesso-conseil.com\/index.php\/cgv\/#breadcrumb"},"inLanguage":"fr-FR","potentialAction":[{"@type":"ReadAction","target":["https:\/\/exprofesso-conseil.com\/index.php\/cgv\/"]}]},{"@type":"ImageObject","inLanguage":"fr-FR","@id":"https:\/\/exprofesso-conseil.com\/index.php\/cgv\/#primaryimage","url":"http:\/\/xxotvva.cluster030.hosting.ovh.net\/wp-content\/uploads\/2022\/06\/Naiiko-removebg-150x150.png","contentUrl":"http:\/\/xxotvva.cluster030.hosting.ovh.net\/wp-content\/uploads\/2022\/06\/Naiiko-removebg-150x150.png"},{"@type":"BreadcrumbList","@id":"https:\/\/exprofesso-conseil.com\/index.php\/cgv\/#breadcrumb","itemListElement":[{"@type":"ListItem","position":1,"name":"Accueil","item":"https:\/\/exprofesso-conseil.com\/"},{"@type":"ListItem","position":2,"name":"CGV"}]},{"@type":"WebSite","@id":"https:\/\/exprofesso-conseil.com\/#website","url":"https:\/\/exprofesso-conseil.com\/","name":"ExProfesso","description":"Accompagnement &amp; Formation","publisher":{"@id":"https:\/\/exprofesso-conseil.com\/#organization"},"potentialAction":[{"@type":"SearchAction","target":{"@type":"EntryPoint","urlTemplate":"https:\/\/exprofesso-conseil.com\/?s={search_term_string}"},"query-input":{"@type":"PropertyValueSpecification","valueRequired":true,"valueName":"search_term_string"}}],"inLanguage":"fr-FR"},{"@type":"Organization","@id":"https:\/\/exprofesso-conseil.com\/#organization","name":"ExProfesso","url":"https:\/\/exprofesso-conseil.com\/","logo":{"@type":"ImageObject","inLanguage":"fr-FR","@id":"https:\/\/exprofesso-conseil.com\/#\/schema\/logo\/image\/","url":"https:\/\/exprofesso-conseil.com\/wp-content\/uploads\/2022\/07\/Naiiko-removebg-1.svg","contentUrl":"https:\/\/exprofesso-conseil.com\/wp-content\/uploads\/2022\/07\/Naiiko-removebg-1.svg","width":1227,"height":837,"caption":"ExProfesso"},"image":{"@id":"https:\/\/exprofesso-conseil.com\/#\/schema\/logo\/image\/"}}]}},"_links":{"self":[{"href":"https:\/\/exprofesso-conseil.com\/index.php\/wp-json\/wp\/v2\/pages\/1346","targetHints":{"allow":["GET"]}}],"collection":[{"href":"https:\/\/exprofesso-conseil.com\/index.php\/wp-json\/wp\/v2\/pages"}],"about":[{"href":"https:\/\/exprofesso-conseil.com\/index.php\/wp-json\/wp\/v2\/types\/page"}],"author":[{"embeddable":true,"href":"https:\/\/exprofesso-conseil.com\/index.php\/wp-json\/wp\/v2\/users\/1"}],"replies":[{"embeddable":true,"href":"https:\/\/exprofesso-conseil.com\/index.php\/wp-json\/wp\/v2\/comments?post=1346"}],"version-history":[{"count":7,"href":"https:\/\/exprofesso-conseil.com\/index.php\/wp-json\/wp\/v2\/pages\/1346\/revisions"}],"predecessor-version":[{"id":1360,"href":"https:\/\/exprofesso-conseil.com\/index.php\/wp-json\/wp\/v2\/pages\/1346\/revisions\/1360"}],"wp:attachment":[{"href":"https:\/\/exprofesso-conseil.com\/index.php\/wp-json\/wp\/v2\/media?parent=1346"}],"curies":[{"name":"wp","href":"https:\/\/api.w.org\/{rel}","templated":true}]}}