{"id":1070,"date":"2022-07-04T19:05:56","date_gmt":"2022-07-04T17:05:56","guid":{"rendered":"http:\/\/xxotvva.cluster030.hosting.ovh.net\/?page_id=1070"},"modified":"2023-10-17T15:32:23","modified_gmt":"2023-10-17T13:32:23","slug":"co-developpement","status":"publish","type":"page","link":"https:\/\/exprofesso-conseil.com\/index.php\/co-developpement\/","title":{"rendered":"Co-d\u00e9veloppement"},"content":{"rendered":"\t\t<div data-elementor-type=\"wp-page\" data-elementor-id=\"1070\" class=\"elementor elementor-1070\">\n\t\t\t\t\t\t<section class=\"elementor-section elementor-top-section elementor-element elementor-element-c21031a elementor-section-height-min-height elementor-section-boxed elementor-section-height-default elementor-section-items-middle\" data-id=\"c21031a\" data-element_type=\"section\" data-e-type=\"section\" data-settings=\"{&quot;background_background&quot;:&quot;classic&quot;}\">\n\t\t\t\t\t\t\t<div class=\"elementor-background-overlay\"><\/div>\n\t\t\t\t\t\t\t<div class=\"elementor-container elementor-column-gap-default\">\n\t\t\t\t\t<div class=\"elementor-column elementor-col-100 elementor-top-column elementor-element elementor-element-f24c258\" data-id=\"f24c258\" data-element_type=\"column\" data-e-type=\"column\">\n\t\t\t<div class=\"elementor-widget-wrap elementor-element-populated\">\n\t\t\t\t\t\t<div class=\"elementor-element elementor-element-7fbf1eb elementor-widget elementor-widget-heading\" data-id=\"7fbf1eb\" data-element_type=\"widget\" data-e-type=\"widget\" data-widget_type=\"heading.default\">\n\t\t\t\t<div class=\"elementor-widget-container\">\n\t\t\t\t\t<h2 class=\"elementor-heading-title elementor-size-xxl\">Vos solutions concr\u00e9tes :  le cod\u00e9veloppement<\/h2>\t\t\t\t<\/div>\n\t\t\t\t<\/div>\n\t\t\t\t\t<\/div>\n\t\t<\/div>\n\t\t\t\t\t<\/div>\n\t\t<\/section>\n\t\t\t\t<section class=\"elementor-section elementor-top-section elementor-element elementor-element-57ba59c elementor-section-boxed elementor-section-height-default elementor-section-height-default\" data-id=\"57ba59c\" data-element_type=\"section\" data-e-type=\"section\">\n\t\t\t\t\t\t<div class=\"elementor-container elementor-column-gap-default\">\n\t\t\t\t\t<div class=\"elementor-column elementor-col-100 elementor-top-column elementor-element elementor-element-4c600f4\" data-id=\"4c600f4\" data-element_type=\"column\" data-e-type=\"column\">\n\t\t\t<div class=\"elementor-widget-wrap elementor-element-populated\">\n\t\t\t\t\t\t<div class=\"elementor-element elementor-element-17111e3 elementor-widget elementor-widget-heading\" data-id=\"17111e3\" data-element_type=\"widget\" data-e-type=\"widget\" data-widget_type=\"heading.default\">\n\t\t\t\t<div class=\"elementor-widget-container\">\n\t\t\t\t\t<h2 class=\"elementor-heading-title elementor-size-default\">LE CODEVELOPPEMENT C\u2019EST QUOI ?\n\n<\/h2>\t\t\t\t<\/div>\n\t\t\t\t<\/div>\n\t\t\t\t<div class=\"elementor-element elementor-element-9d110f1 elementor-widget elementor-widget-text-editor\" data-id=\"9d110f1\" data-element_type=\"widget\" data-e-type=\"widget\" data-widget_type=\"text-editor.default\">\n\t\t\t\t<div class=\"elementor-widget-container\">\n\t\t\t\t\t\t\t\t\t<p>D&#8217;origine canadienne, le Cod\u00e9veloppement professionnel est une d\u00e9marche mise au point dans les ann\u00e9es 80 par Adrien Payette.<br>Une m\u00e9thode qui vise \u00e0 redonner \u00e0 l\u2019exp\u00e9rience et \u00e0 l\u2019action leurs lettres de noblesse tout en multipliant les forces des intelligences individuelles.<br>Formation surprenante d&#8217;efficacit\u00e9 et de simplicit\u00e9.<br>L\u2019objectif de chacun \u00e9tant de \u00ab Mettre sa bienveillance et son intelligence au service de l&#8217;autre, sans jugement, ni rapport de force \u00bb.<\/p>\n<h3><b> Comment?<\/b><\/h3>\n<ul>\n<li>Un groupe de 6 \u00e0 8 personnes qui, individuellement, travaillent \u00e0 leur auto-d\u00e9veloppement professionnel et se mettent ensemble pour s&#8217;entraider dans leur d\u00e9marche.<\/li>\n<li>Ce groupe de pairs en Cod\u00e9veloppement se r\u00e9unit sur une p\u00e9riode de 6 mois \u00e0 1 an, \u00e0 raison d&#8217;une demie ou une journ\u00e9e mensuelle.<\/li>\n<li>L&#8217;un des participants prend le r\u00f4le de \u00ab client \u00bb, les autres \u00e9tant ses \u00ab consultants \u00bb. L\u2019objectif central et unique \u00e9tant d\u2019aider le \u00ab client \u00bb.<\/li>\n<li>La d\u00e9marche est tr\u00e8s structur\u00e9e et s&#8217;articule autour de 6 \u00e9tapes, limit\u00e9es dans le temps.<\/li>\n<li>Le Cod\u00e9veloppement \u00e9pate par sa pertinence et son efficience.\n<p>R\u00e9guli\u00e8rement, les participants pensent assister \u00e0 une \u00e9ni\u00e8me formation au Management, concernant l&#8217;apprentissage d&#8217;une m\u00e9thode de plus&#8230;<\/p>\n<p>Au fil de la s\u00e9ance, ils se prennent au jeu, s&#8217;impliquent, et s\u2019aper\u00e7oivent qu\u2019ils sont acteurs tout de suite.<\/p>\n<\/li>\n<li>Chacun peut prendre sa place, se faire entendre, exprimer un argument.<\/li>\n<li>Chacun produit les id\u00e9es qu&#8217;il pense utiles au client du moment. L&#8217;enjeu n&#8217;est pas de convaincre \u00e0 tout prix ou d&#8217;obtenir un consensus.\n<p>M\u00eame les divergences sont les bienvenues puisqu&#8217;elles sont un moyen d&#8217;enrichir la r\u00e9flexion du \u00ab client \u00bb et de l&#8217;aider \u00e0 regarder les choses autrement.<\/p>\n<\/li>\n<li>Chacun puise dans ses ressources, son exp\u00e9rience, son parcours, et s&#8217;efforce de se mettre v\u00e9ritablement au service du \u00bb client \u00bb donc de l\u2019entreprise.\n<\/li>\n<\/ul>\n<p><strong>L\u2019entreprise dans ce type de formation influence l\u2019ensemble de ses collaborateurs afin qu\u2019ils :<\/strong><\/p>\n<ul>\n<li><span style=\"font-weight: 400;\">Apprennent \u00e0 \u00eatre plus efficaces en s&#8217;exer\u00e7ant \u00e0 de nouvelles fa\u00e7ons de penser, d&#8217;agir, dans leurs pratiques actuelles,<\/span><\/li>\n<li><span style=\"font-weight: 400;\">S&#8217;obligent \u00e0 prendre syst\u00e9matiquement un temps de r\u00e9flexion sur leurs pratiques professionnelles \u2013 rappelons que le groupe se r\u00e9unit une fois par mois sur une dur\u00e9e de 6 mois \u00e0 1 an..<\/span><\/li>\n<li><span style=\"font-weight: 400;\">Constituent un groupe d&#8217;appartenance professionnelle o\u00f9 r\u00e8gnent confiance et entraide<\/span><\/li>\n<li><span style=\"font-weight: 400;\">Consolident leur identit\u00e9 professionnelle en comparant leurs pratiques \u00e0 celles des autres<\/span><\/li>\n<li><span style=\"font-weight: 400;\">Apprennent \u00e0 aider et \u00e0 \u00eatre aid\u00e9.<\/span><\/li>\n<\/ul>\n<p><span style=\"font-weight: 400;\"><br>L\u2019animateur, quant \u00e0 lui, n&#8217;est pas l\u00e0 pour \u00e9blouir le groupe de ses connaissances, mais plut\u00f4t pour l&#8217;accompagner de mani\u00e8re discr\u00e8te et efficace vers des <\/span><span style=\"font-weight: 400;\">objectifs tr\u00e8s concrets.<\/span><\/p>\t\t\t\t\t\t\t\t<\/div>\n\t\t\t\t<\/div>\n\t\t\t\t\t<\/div>\n\t\t<\/div>\n\t\t\t\t\t<\/div>\n\t\t<\/section>\n\t\t\t\t<section class=\"elementor-section elementor-top-section elementor-element elementor-element-6d3fe7f elementor-section-boxed elementor-section-height-default elementor-section-height-default\" data-id=\"6d3fe7f\" data-element_type=\"section\" data-e-type=\"section\">\n\t\t\t\t\t\t<div class=\"elementor-container elementor-column-gap-default\">\n\t\t\t\t\t<div class=\"elementor-column elementor-col-100 elementor-top-column elementor-element elementor-element-aa62154\" data-id=\"aa62154\" data-element_type=\"column\" data-e-type=\"column\">\n\t\t\t<div class=\"elementor-widget-wrap elementor-element-populated\">\n\t\t\t\t\t\t<div class=\"elementor-element elementor-element-19b0027 elementor-widget elementor-widget-heading\" data-id=\"19b0027\" data-element_type=\"widget\" data-e-type=\"widget\" data-widget_type=\"heading.default\">\n\t\t\t\t<div class=\"elementor-widget-container\">\n\t\t\t\t\t<h2 class=\"elementor-heading-title elementor-size-medium\">Envie d'\u00eatre recontact\u00e9 ? \nRemplissez rapidement ce formulaire et nous reviendrons vers vous.<\/h2>\t\t\t\t<\/div>\n\t\t\t\t<\/div>\n\t\t\t\t\t<\/div>\n\t\t<\/div>\n\t\t\t\t\t<\/div>\n\t\t<\/section>\n\t\t\t\t<section class=\"elementor-section elementor-top-section elementor-element elementor-element-d581345 elementor-section-boxed elementor-section-height-default elementor-section-height-default\" data-id=\"d581345\" data-element_type=\"section\" data-e-type=\"section\">\n\t\t\t\t\t\t<div class=\"elementor-container elementor-column-gap-default\">\n\t\t\t\t\t<div class=\"elementor-column elementor-col-100 elementor-top-column elementor-element elementor-element-f254107\" data-id=\"f254107\" data-element_type=\"column\" data-e-type=\"column\">\n\t\t\t<div class=\"elementor-widget-wrap elementor-element-populated\">\n\t\t\t\t\t\t<div class=\"elementor-element elementor-element-6968424 eael-wpforms-labels-yes eael-wpforms-form-button-custom elementor-widget elementor-widget-eael-wpforms\" data-id=\"6968424\" data-element_type=\"widget\" data-e-type=\"widget\" data-widget_type=\"eael-wpforms.default\">\n\t\t\t\t<div class=\"elementor-widget-container\">\n\t\t\t\t\t            <div class=\"eael-contact-form eael-wpforms eael-wpforms-align-left\">\n                                <div class=\"wpforms-container wpforms-container-full\" id=\"wpforms-1387\"><form id=\"wpforms-form-1387\" class=\"wpforms-validate wpforms-form wpforms-ajax-form\" data-formid=\"1387\" method=\"post\" enctype=\"multipart\/form-data\" action=\"\/index.php\/wp-json\/wp\/v2\/pages\/1070\" data-token=\"d6b6a6f319d1c57eee998074cdd5a695\" data-token-time=\"1776313905\"><div class=\"wpforms-head-container\"><\/div><noscript class=\"wpforms-error-noscript\">Veuillez activer JavaScript dans votre navigateur pour remplir ce formulaire.<\/noscript><div class=\"wpforms-field-container\"><div id=\"wpforms-1387-field_5-container\" class=\"wpforms-field wpforms-field-text\" data-field-id=\"5\"><label class=\"wpforms-field-label\" for=\"wpforms-1387-field_5\">Soci\u00e9t\u00e9<\/label><input type=\"text\" id=\"wpforms-1387-field_5\" class=\"wpforms-field-medium\" name=\"wpforms[fields][5]\" ><\/div><div id=\"wpforms-1387-field_1-container\" class=\"wpforms-field wpforms-field-name\" data-field-id=\"1\"><label class=\"wpforms-field-label\">Contact de l&#039;entreprise <span class=\"wpforms-required-label\">*<\/span><\/label><div class=\"wpforms-field-row wpforms-field-medium\"><div class=\"wpforms-field-row-block wpforms-first wpforms-one-half\"><input type=\"text\" id=\"wpforms-1387-field_1\" class=\"wpforms-field-name-first wpforms-field-required\" name=\"wpforms[fields][1][first]\" required><label for=\"wpforms-1387-field_1\" class=\"wpforms-field-sublabel after\">Pr\u00e9nom<\/label><\/div><div class=\"wpforms-field-row-block wpforms-one-half\"><input type=\"text\" id=\"wpforms-1387-field_1-last\" class=\"wpforms-field-name-last wpforms-field-required\" name=\"wpforms[fields][1][last]\" required><label for=\"wpforms-1387-field_1-last\" class=\"wpforms-field-sublabel after\">Nom<\/label><\/div><\/div><\/div><div id=\"wpforms-1387-field_3-container\" class=\"wpforms-field wpforms-field-email\" data-field-id=\"3\"><label class=\"wpforms-field-label\" for=\"wpforms-1387-field_3\">E-mail <span class=\"wpforms-required-label\">*<\/span><\/label><input type=\"email\" id=\"wpforms-1387-field_3\" class=\"wpforms-field-medium wpforms-field-required\" name=\"wpforms[fields][3]\" spellcheck=\"false\" required><\/div><div id=\"wpforms-1387-field_2-container\" class=\"wpforms-field wpforms-field-number\" data-field-id=\"2\"><label class=\"wpforms-field-label\" for=\"wpforms-1387-field_2\">T\u00e9l\u00e9phone<\/label><input type=\"number\" id=\"wpforms-1387-field_2\" class=\"wpforms-field-medium\" name=\"wpforms[fields][2]\" step=\"any\" ><\/div><div id=\"wpforms-1387-field_4-container\" class=\"wpforms-field wpforms-field-number-slider\" data-field-id=\"4\"><label class=\"wpforms-field-label\" for=\"wpforms-1387-field_4\">Votre groupe est compos\u00e9 de combien d&#039;effectif ?<\/label>\n<input\n\ttype=\"range\"\n\tid=\"wpforms-1387-field_4\" class=\"wpforms-field-medium\" name=\"wpforms[fields][4]\" value=\"0\"\t\tmin=\"0\"\n\tmax=\"10\"\n\tstep=\"1\">\n\n<div class=\"wpforms-field-number-slider-hint\"\n\tdata-hint=\"Selected Value: {value}\">\n\tSelected Value: <b>0<\/b><\/div>\n<\/div><\/div><!-- .wpforms-field-container --><div class=\"wpforms-submit-container\" ><input type=\"hidden\" name=\"wpforms[id]\" value=\"1387\"><input type=\"hidden\" name=\"page_title\" value=\"\"><input type=\"hidden\" name=\"page_url\" value=\"https:\/\/exprofesso-conseil.com\/index.php\/wp-json\/wp\/v2\/pages\/1070\"><input type=\"hidden\" name=\"url_referer\" value=\"\"><button type=\"submit\" name=\"wpforms[submit]\" id=\"wpforms-submit-1387\" class=\"wpforms-submit\" data-alt-text=\"Envoi...\" data-submit-text=\"Envoyer\" aria-live=\"assertive\" value=\"wpforms-submit\">Envoyer<\/button><img decoding=\"async\" src=\"https:\/\/exprofesso-conseil.com\/wp-content\/plugins\/wpforms-lite\/assets\/images\/submit-spin.svg\" class=\"wpforms-submit-spinner\" style=\"display: none;\" width=\"26\" height=\"26\" alt=\"Chargement en cours\"><\/div><\/form><\/div>  <!-- .wpforms-container -->            <\/div>\n\t\t\t\t<\/div>\n\t\t\t\t<\/div>\n\t\t\t\t\t<\/div>\n\t\t<\/div>\n\t\t\t\t\t<\/div>\n\t\t<\/section>\n\t\t\t\t<\/div>\n\t\t","protected":false},"excerpt":{"rendered":"<p>Vos solutions concr\u00e9tes : le cod\u00e9veloppement LE CODEVELOPPEMENT C\u2019EST QUOI ? D&#8217;origine canadienne, le Cod\u00e9veloppement professionnel est une d\u00e9marche mise au point dans les ann\u00e9es 80 par Adrien Payette.Une m\u00e9thode qui vise \u00e0 redonner \u00e0 l\u2019exp\u00e9rience et \u00e0 l\u2019action leurs lettres de noblesse tout en multipliant les forces des intelligences individuelles.Formation surprenante d&#8217;efficacit\u00e9 et de [&hellip;]<\/p>\n","protected":false},"author":1,"featured_media":0,"parent":0,"menu_order":0,"comment_status":"closed","ping_status":"closed","template":"elementor_header_footer","meta":{"footnotes":""},"class_list":["post-1070","page","type-page","status-publish","hentry"],"yoast_head":"<!-- This site is optimized with the Yoast SEO plugin v27.4 - https:\/\/yoast.com\/product\/yoast-seo-wordpress\/ -->\n<title>Co-d\u00e9veloppement - ExProfesso<\/title>\n<meta name=\"robots\" content=\"index, follow, max-snippet:-1, max-image-preview:large, max-video-preview:-1\" \/>\n<link rel=\"canonical\" href=\"https:\/\/exprofesso-conseil.com\/index.php\/co-developpement\/\" \/>\n<meta property=\"og:locale\" content=\"fr_FR\" \/>\n<meta property=\"og:type\" content=\"article\" \/>\n<meta property=\"og:title\" content=\"Co-d\u00e9veloppement - ExProfesso\" \/>\n<meta property=\"og:description\" content=\"Vos solutions concr\u00e9tes : le cod\u00e9veloppement LE CODEVELOPPEMENT C\u2019EST QUOI ? D&#8217;origine canadienne, le Cod\u00e9veloppement professionnel est une d\u00e9marche mise au point dans les ann\u00e9es 80 par Adrien Payette.Une m\u00e9thode qui vise \u00e0 redonner \u00e0 l\u2019exp\u00e9rience et \u00e0 l\u2019action leurs lettres de noblesse tout en multipliant les forces des intelligences individuelles.Formation surprenante d&#8217;efficacit\u00e9 et de [&hellip;]\" \/>\n<meta property=\"og:url\" content=\"https:\/\/exprofesso-conseil.com\/index.php\/co-developpement\/\" \/>\n<meta property=\"og:site_name\" content=\"ExProfesso\" \/>\n<meta property=\"article:modified_time\" content=\"2023-10-17T13:32:23+00:00\" \/>\n<meta property=\"og:image\" content=\"https:\/\/exprofesso-conseil.com\/wp-content\/plugins\/wpforms-lite\/assets\/images\/submit-spin.svg\" \/>\n<meta name=\"twitter:card\" content=\"summary_large_image\" \/>\n<meta name=\"twitter:label1\" content=\"Dur\u00e9e de lecture estim\u00e9e\" \/>\n\t<meta name=\"twitter:data1\" content=\"3 minutes\" \/>\n<script type=\"application\/ld+json\" class=\"yoast-schema-graph\">{\"@context\":\"https:\\\/\\\/schema.org\",\"@graph\":[{\"@type\":\"WebPage\",\"@id\":\"https:\\\/\\\/exprofesso-conseil.com\\\/index.php\\\/co-developpement\\\/\",\"url\":\"https:\\\/\\\/exprofesso-conseil.com\\\/index.php\\\/co-developpement\\\/\",\"name\":\"Co-d\u00e9veloppement - ExProfesso\",\"isPartOf\":{\"@id\":\"https:\\\/\\\/exprofesso-conseil.com\\\/#website\"},\"primaryImageOfPage\":{\"@id\":\"https:\\\/\\\/exprofesso-conseil.com\\\/index.php\\\/co-developpement\\\/#primaryimage\"},\"image\":{\"@id\":\"https:\\\/\\\/exprofesso-conseil.com\\\/index.php\\\/co-developpement\\\/#primaryimage\"},\"thumbnailUrl\":\"https:\\\/\\\/exprofesso-conseil.com\\\/wp-content\\\/plugins\\\/wpforms-lite\\\/assets\\\/images\\\/submit-spin.svg\",\"datePublished\":\"2022-07-04T17:05:56+00:00\",\"dateModified\":\"2023-10-17T13:32:23+00:00\",\"breadcrumb\":{\"@id\":\"https:\\\/\\\/exprofesso-conseil.com\\\/index.php\\\/co-developpement\\\/#breadcrumb\"},\"inLanguage\":\"fr-FR\",\"potentialAction\":[{\"@type\":\"ReadAction\",\"target\":[\"https:\\\/\\\/exprofesso-conseil.com\\\/index.php\\\/co-developpement\\\/\"]}]},{\"@type\":\"ImageObject\",\"inLanguage\":\"fr-FR\",\"@id\":\"https:\\\/\\\/exprofesso-conseil.com\\\/index.php\\\/co-developpement\\\/#primaryimage\",\"url\":\"https:\\\/\\\/exprofesso-conseil.com\\\/wp-content\\\/plugins\\\/wpforms-lite\\\/assets\\\/images\\\/submit-spin.svg\",\"contentUrl\":\"https:\\\/\\\/exprofesso-conseil.com\\\/wp-content\\\/plugins\\\/wpforms-lite\\\/assets\\\/images\\\/submit-spin.svg\"},{\"@type\":\"BreadcrumbList\",\"@id\":\"https:\\\/\\\/exprofesso-conseil.com\\\/index.php\\\/co-developpement\\\/#breadcrumb\",\"itemListElement\":[{\"@type\":\"ListItem\",\"position\":1,\"name\":\"Accueil\",\"item\":\"https:\\\/\\\/exprofesso-conseil.com\\\/\"},{\"@type\":\"ListItem\",\"position\":2,\"name\":\"Co-d\u00e9veloppement\"}]},{\"@type\":\"WebSite\",\"@id\":\"https:\\\/\\\/exprofesso-conseil.com\\\/#website\",\"url\":\"https:\\\/\\\/exprofesso-conseil.com\\\/\",\"name\":\"ExProfesso\",\"description\":\"Accompagnement &amp; Formation\",\"publisher\":{\"@id\":\"https:\\\/\\\/exprofesso-conseil.com\\\/#organization\"},\"potentialAction\":[{\"@type\":\"SearchAction\",\"target\":{\"@type\":\"EntryPoint\",\"urlTemplate\":\"https:\\\/\\\/exprofesso-conseil.com\\\/?s={search_term_string}\"},\"query-input\":{\"@type\":\"PropertyValueSpecification\",\"valueRequired\":true,\"valueName\":\"search_term_string\"}}],\"inLanguage\":\"fr-FR\"},{\"@type\":\"Organization\",\"@id\":\"https:\\\/\\\/exprofesso-conseil.com\\\/#organization\",\"name\":\"ExProfesso\",\"url\":\"https:\\\/\\\/exprofesso-conseil.com\\\/\",\"logo\":{\"@type\":\"ImageObject\",\"inLanguage\":\"fr-FR\",\"@id\":\"https:\\\/\\\/exprofesso-conseil.com\\\/#\\\/schema\\\/logo\\\/image\\\/\",\"url\":\"https:\\\/\\\/exprofesso-conseil.com\\\/wp-content\\\/uploads\\\/2022\\\/07\\\/Naiiko-removebg-1.svg\",\"contentUrl\":\"https:\\\/\\\/exprofesso-conseil.com\\\/wp-content\\\/uploads\\\/2022\\\/07\\\/Naiiko-removebg-1.svg\",\"width\":1227,\"height\":837,\"caption\":\"ExProfesso\"},\"image\":{\"@id\":\"https:\\\/\\\/exprofesso-conseil.com\\\/#\\\/schema\\\/logo\\\/image\\\/\"}}]}<\/script>\n<!-- \/ Yoast SEO plugin. -->","yoast_head_json":{"title":"Co-d\u00e9veloppement - ExProfesso","robots":{"index":"index","follow":"follow","max-snippet":"max-snippet:-1","max-image-preview":"max-image-preview:large","max-video-preview":"max-video-preview:-1"},"canonical":"https:\/\/exprofesso-conseil.com\/index.php\/co-developpement\/","og_locale":"fr_FR","og_type":"article","og_title":"Co-d\u00e9veloppement - ExProfesso","og_description":"Vos solutions concr\u00e9tes : le cod\u00e9veloppement LE CODEVELOPPEMENT C\u2019EST QUOI ? D&#8217;origine canadienne, le Cod\u00e9veloppement professionnel est une d\u00e9marche mise au point dans les ann\u00e9es 80 par Adrien Payette.Une m\u00e9thode qui vise \u00e0 redonner \u00e0 l\u2019exp\u00e9rience et \u00e0 l\u2019action leurs lettres de noblesse tout en multipliant les forces des intelligences individuelles.Formation surprenante d&#8217;efficacit\u00e9 et de [&hellip;]","og_url":"https:\/\/exprofesso-conseil.com\/index.php\/co-developpement\/","og_site_name":"ExProfesso","article_modified_time":"2023-10-17T13:32:23+00:00","og_image":[{"url":"https:\/\/exprofesso-conseil.com\/wp-content\/plugins\/wpforms-lite\/assets\/images\/submit-spin.svg","type":"","width":"","height":""}],"twitter_card":"summary_large_image","twitter_misc":{"Dur\u00e9e de lecture estim\u00e9e":"3 minutes"},"schema":{"@context":"https:\/\/schema.org","@graph":[{"@type":"WebPage","@id":"https:\/\/exprofesso-conseil.com\/index.php\/co-developpement\/","url":"https:\/\/exprofesso-conseil.com\/index.php\/co-developpement\/","name":"Co-d\u00e9veloppement - ExProfesso","isPartOf":{"@id":"https:\/\/exprofesso-conseil.com\/#website"},"primaryImageOfPage":{"@id":"https:\/\/exprofesso-conseil.com\/index.php\/co-developpement\/#primaryimage"},"image":{"@id":"https:\/\/exprofesso-conseil.com\/index.php\/co-developpement\/#primaryimage"},"thumbnailUrl":"https:\/\/exprofesso-conseil.com\/wp-content\/plugins\/wpforms-lite\/assets\/images\/submit-spin.svg","datePublished":"2022-07-04T17:05:56+00:00","dateModified":"2023-10-17T13:32:23+00:00","breadcrumb":{"@id":"https:\/\/exprofesso-conseil.com\/index.php\/co-developpement\/#breadcrumb"},"inLanguage":"fr-FR","potentialAction":[{"@type":"ReadAction","target":["https:\/\/exprofesso-conseil.com\/index.php\/co-developpement\/"]}]},{"@type":"ImageObject","inLanguage":"fr-FR","@id":"https:\/\/exprofesso-conseil.com\/index.php\/co-developpement\/#primaryimage","url":"https:\/\/exprofesso-conseil.com\/wp-content\/plugins\/wpforms-lite\/assets\/images\/submit-spin.svg","contentUrl":"https:\/\/exprofesso-conseil.com\/wp-content\/plugins\/wpforms-lite\/assets\/images\/submit-spin.svg"},{"@type":"BreadcrumbList","@id":"https:\/\/exprofesso-conseil.com\/index.php\/co-developpement\/#breadcrumb","itemListElement":[{"@type":"ListItem","position":1,"name":"Accueil","item":"https:\/\/exprofesso-conseil.com\/"},{"@type":"ListItem","position":2,"name":"Co-d\u00e9veloppement"}]},{"@type":"WebSite","@id":"https:\/\/exprofesso-conseil.com\/#website","url":"https:\/\/exprofesso-conseil.com\/","name":"ExProfesso","description":"Accompagnement &amp; Formation","publisher":{"@id":"https:\/\/exprofesso-conseil.com\/#organization"},"potentialAction":[{"@type":"SearchAction","target":{"@type":"EntryPoint","urlTemplate":"https:\/\/exprofesso-conseil.com\/?s={search_term_string}"},"query-input":{"@type":"PropertyValueSpecification","valueRequired":true,"valueName":"search_term_string"}}],"inLanguage":"fr-FR"},{"@type":"Organization","@id":"https:\/\/exprofesso-conseil.com\/#organization","name":"ExProfesso","url":"https:\/\/exprofesso-conseil.com\/","logo":{"@type":"ImageObject","inLanguage":"fr-FR","@id":"https:\/\/exprofesso-conseil.com\/#\/schema\/logo\/image\/","url":"https:\/\/exprofesso-conseil.com\/wp-content\/uploads\/2022\/07\/Naiiko-removebg-1.svg","contentUrl":"https:\/\/exprofesso-conseil.com\/wp-content\/uploads\/2022\/07\/Naiiko-removebg-1.svg","width":1227,"height":837,"caption":"ExProfesso"},"image":{"@id":"https:\/\/exprofesso-conseil.com\/#\/schema\/logo\/image\/"}}]}},"_links":{"self":[{"href":"https:\/\/exprofesso-conseil.com\/index.php\/wp-json\/wp\/v2\/pages\/1070","targetHints":{"allow":["GET"]}}],"collection":[{"href":"https:\/\/exprofesso-conseil.com\/index.php\/wp-json\/wp\/v2\/pages"}],"about":[{"href":"https:\/\/exprofesso-conseil.com\/index.php\/wp-json\/wp\/v2\/types\/page"}],"author":[{"embeddable":true,"href":"https:\/\/exprofesso-conseil.com\/index.php\/wp-json\/wp\/v2\/users\/1"}],"replies":[{"embeddable":true,"href":"https:\/\/exprofesso-conseil.com\/index.php\/wp-json\/wp\/v2\/comments?post=1070"}],"version-history":[{"count":49,"href":"https:\/\/exprofesso-conseil.com\/index.php\/wp-json\/wp\/v2\/pages\/1070\/revisions"}],"predecessor-version":[{"id":2623,"href":"https:\/\/exprofesso-conseil.com\/index.php\/wp-json\/wp\/v2\/pages\/1070\/revisions\/2623"}],"wp:attachment":[{"href":"https:\/\/exprofesso-conseil.com\/index.php\/wp-json\/wp\/v2\/media?parent=1070"}],"curies":[{"name":"wp","href":"https:\/\/api.w.org\/{rel}","templated":true}]}}